{"id":301,"date":"2018-10-18T15:29:17","date_gmt":"2018-10-18T14:29:17","guid":{"rendered":"http:\/\/amedeo.elated-themes.com\/?page_id=301"},"modified":"2020-07-03T13:37:31","modified_gmt":"2020-07-03T11:37:31","slug":"services","status":"publish","type":"page","link":"https:\/\/www.akwascreation.com\/index.php\/services\/","title":{"rendered":"Services"},"content":{"rendered":"<p>[vc_row content_placement=&#8221;bottom&#8221; parallax=&#8221;content-moving-fade&#8221; row_content_width=&#8221;grid&#8221; css=&#8221;.vc_custom_1586950443895{padding-top: 123px !important;padding-right: 0px !important;padding-bottom: 88px !important;padding-left: 0px !important;background-image: url(http:\/\/www.akwascreation.com\/wp-content\/uploads\/2020\/04\/1_Services-title-img.jpg?id=5748) !important;background-position: center;background-repeat: no-repeat !important;background-size: contain !important;}&#8221;][vc_column]<div class=\"eltdf-background-text eltdf-align-left eltdf-no-rotate\" style=\"color:#ffffff;left: 6%;font-size: 274px\"\n     id=\"eltdf-background-text-502\" data-item-class=\"bkgText-3213\" data-font-size-1600=\"240px\" data-font-size-1366=\"220px\" data-font-size-1024=\"204px\" data-font-size-768=\"204px\" data-font-size-680=\"70px\" data-horizontal-offset-1600=\"6%\" data-horizontal-offset-1366=\"6%\" data-horizontal-offset-1024=\"6%\" data-horizontal-offset-768=\"6%\" data-horizontal-offset-680=\"0px\" data-vertical-offset-1024=\"19px\" data-vertical-offset-768=\"19px\" data-vertical-offset-680=\"24px\">\n    <div class=\"eltdf-background-text-inner\">\n\t\tServices    <\/div>\n<\/div>\n[\/vc_column][\/vc_row][vc_row content_placement=&#8221;bottom&#8221; row_content_width=&#8221;grid&#8221;][vc_column][vc_empty_space height=&#8221;40px&#8221;][\/vc_column][\/vc_row][vc_row content_placement=&#8221;bottom&#8221; row_content_width=&#8221;grid&#8221;][vc_column width=&#8221;1\/2&#8243;][vc_column_text]<\/p>\n<h4 style=\"color: #f9b320;\"><strong>Strat\u00e9gie &amp; Conseil En Communication<\/strong><\/h4>\n<p>[\/vc_column_text][vc_empty_space height=&#8221;20px&#8221;][vc_column_text]Plusieurs points cl\u00e9s doivent \u00eatre d\u00e9finis afin d\u2019\u00e9laborer une strat\u00e9gie de communication sur mesure :<\/p>\n<ul>\n<li>Le secteur d\u2019activit\u00e9 et le positionnement sur le march\u00e9<\/li>\n<li>Les centres d\u2019int\u00e9r\u00eat et pr\u00e9f\u00e9rences des clients<\/li>\n<li>Les objectifs vis\u00e9s<\/li>\n<li>Les bons canaux de communication<\/li>\n<li>Les informations et messages \u00e0 v\u00e9hiculer<\/li>\n<li>Le public cibles<\/li>\n<li>les ressources humaines et financi\u00e8res d\u00e9ploy\u00e9es<\/li>\n<\/ul>\n<p>En fonction des objectifs trac\u00e9s de votre entreprise, des recommandations strat\u00e9giques et une strat\u00e9gie globale de communication seront \u00e9tablies.[\/vc_column_text][vc_empty_space height=&#8221;20px&#8221;]<a itemprop=\"url\" href=\"http:\/\/www.akwascreation.com\/index.php\/strategie-conseil-en-communication\/\" target=\"_self\" style=\"color: #ffffff;background-color: #f9b320;border-color: #ffffff;font-weight: 700;padding: 20px 40px 20px 40px\" class=\"eltdf-btn eltdf-btn-small eltdf-btn-solid eltdf-btn-custom-hover-bg eltdf-btn-custom-border-hover eltdf-btn-custom-hover-color\" data-hover-color=\"#f9b320\" data-hover-bg-color=\"#ffffff\" data-hover-border-color=\"#f9b320\" >\n    <span class=\"eltdf-btn-text\">D\u00e9tail<\/span>\n    <\/a>[\/vc_column][vc_column width=&#8221;1\/2&#8243;][vc_empty_space height=&#8221;20px&#8221;][vc_single_image image=&#8221;5698&#8243; img_size=&#8221;large&#8221;][\/vc_column][\/vc_row][vc_row content_placement=&#8221;bottom&#8221; row_content_width=&#8221;grid&#8221;][vc_column][vc_empty_space height=&#8221;40px&#8221;][\/vc_column][\/vc_row][vc_row content_placement=&#8221;bottom&#8221; row_content_width=&#8221;grid&#8221;][vc_column width=&#8221;1\/2&#8243;][vc_column_text]<\/p>\n<h4 style=\"color: #f9b320;\"><strong> Conception Graphique<\/strong><\/h4>\n<p>[\/vc_column_text][vc_empty_space height=&#8221;20px&#8221;][vc_column_text]<strong><a href=\"http:\/\/www.akwascreation.com\/\">Akwas Cr\u00e9ation<\/a><\/strong> fournit une prestation sur mesure tout en garantissant une bonne conception graphique reposant sur le respect de <strong>l\u2019identit\u00e9 visuelle<\/strong>, quel que soit le <strong>canal de communication<\/strong> choisi :<\/p>\n<ul>\n<li>Charte graphique : Logotype, Structure, Typographie, Couleur\u2026<\/li>\n<li>Papeterie &amp; supports administratifs : Papier ente\u0302te, Carte de visite, Enveloppe, Chemise\u2026<\/li>\n<li>\u00c9dition : Guide, Brochure, Rapport, Flyer, De\u0301pliant, Poster\u2026<\/li>\n<li>Communication \u00e9v\u00e9nementielle : Visuel, Fond sc\u00e8ne, Banderole, PLV, Badge, Programme\u2026<\/li>\n<li>Articles fin d\u2019ann\u00e9e : Carte de v\u0153ux, Calendrier, Agenda\u2026<\/li>\n<li>Restauration : Menu, Packaging, Sachet, Pochette, sac\u2026<\/li>\n<\/ul>\n<p>[\/vc_column_text][vc_empty_space height=&#8221;20px&#8221;]<a itemprop=\"url\" href=\"http:\/\/www.akwascreation.com\/index.php\/conception-graphique\/\" target=\"_self\" style=\"color: #ffffff;background-color: #f9b320;border-color: #ffffff;font-weight: 700;padding: 20px 40px 20px 40px\" class=\"eltdf-btn eltdf-btn-small eltdf-btn-solid eltdf-btn-custom-hover-bg eltdf-btn-custom-border-hover eltdf-btn-custom-hover-color\" data-hover-color=\"#f9b320\" data-hover-bg-color=\"#ffffff\" data-hover-border-color=\"#f9b320\" >\n    <span class=\"eltdf-btn-text\">D\u00e9tail<\/span>\n    <\/a>[\/vc_column][vc_column width=&#8221;1\/2&#8243;][vc_empty_space height=&#8221;20px&#8221;][vc_single_image image=&#8221;5701&#8243; img_size=&#8221;large&#8221;][\/vc_column][\/vc_row][vc_row content_placement=&#8221;bottom&#8221; row_content_width=&#8221;grid&#8221;][vc_column][vc_empty_space height=&#8221;40px&#8221;][\/vc_column][\/vc_row][vc_row content_placement=&#8221;bottom&#8221; row_content_width=&#8221;grid&#8221;][vc_column width=&#8221;1\/2&#8243;][vc_column_text]<\/p>\n<h4 style=\"color: #f9b320;\"><strong> Impression Num\u00e9rique &amp; Offset <\/strong><\/h4>\n<p>[\/vc_column_text][vc_empty_space height=&#8221;20px&#8221;][vc_column_text]Une maitrise totale des deux proc\u00e9d\u00e9s d\u2019impression \u00ab Num\u00e9rique et Offset \u00bb est garantie, sur les diff\u00e9rents supports de communication :<\/p>\n<ul>\n<li>Impression num\u00e9rique petit format<br \/>\n(Affiches, Carte de visite, Livres, Brochures \u2026)<\/li>\n<li>Impression num\u00e9rique grand format<br \/>\n(Roll up, Banderole, vinyle, b\u00e2che, One Way Vision \u2026)<\/li>\n<li>Impression offset<br \/>\n(Papier ent\u00eate, Enveloppe, Flyer, D\u00e9pliant, Plaquette \u2026)<\/li>\n<li>Impression \u00e9tiquettes autocollantes<br \/>\n(\u00c9tiquette en bobine, Adh\u00e9sif, Stickers sur mesure \u2026)<\/li>\n<\/ul>\n<p>[\/vc_column_text][vc_empty_space height=&#8221;20px&#8221;]<a itemprop=\"url\" href=\"http:\/\/www.akwascreation.com\/index.php\/impression-numerique-offset\/\" target=\"_self\" style=\"color: #ffffff;background-color: #f9b320;border-color: #ffffff;font-weight: 700;padding: 20px 40px 20px 40px\" class=\"eltdf-btn eltdf-btn-small eltdf-btn-solid eltdf-btn-custom-hover-bg eltdf-btn-custom-border-hover eltdf-btn-custom-hover-color\" data-hover-color=\"#f9b320\" data-hover-bg-color=\"#ffffff\" data-hover-border-color=\"#f9b320\" >\n    <span class=\"eltdf-btn-text\">D\u00e9tail<\/span>\n    <\/a>[\/vc_column][vc_column width=&#8221;1\/2&#8243;][vc_empty_space height=&#8221;20px&#8221;][vc_single_image image=&#8221;5707&#8243; img_size=&#8221;large&#8221;][\/vc_column][\/vc_row][vc_row content_placement=&#8221;bottom&#8221; row_content_width=&#8221;grid&#8221;][vc_column][vc_empty_space height=&#8221;40px&#8221;][\/vc_column][\/vc_row][vc_row content_placement=&#8221;bottom&#8221; row_content_width=&#8221;grid&#8221;][vc_column width=&#8221;1\/2&#8243;][vc_column_text]<\/p>\n<h4 style=\"color: #f9b320;\"><strong>Industrie Publicitaire &amp; PLV <\/strong><\/h4>\n<p>[\/vc_column_text][vc_empty_space height=&#8221;20px&#8221;][vc_column_text]Pour tous vos projets (am\u00e9nagements, salons, portes-ouvertes\u2026) en fournissant des solutions sur mesure mettant en valeur votre image de marque.<\/p>\n<p>Plus de 15 ans d\u2019expertise, on assure un accompagnement complet pour tout vos besoins :<\/p>\n<ul>\n<li>PLV ( Roll-up, X-banner, Stand pop-up, Photocall\u2026)<\/li>\n<li>Fabrication et pose des panneaux publicitaires<\/li>\n<li>Signal\u00e9tique int\u00e9rieure et ext\u00e9rieure<\/li>\n<li>Fabrication des stands<\/li>\n<\/ul>\n<p>[\/vc_column_text][vc_empty_space height=&#8221;20px&#8221;]<a itemprop=\"url\" href=\"http:\/\/www.akwascreation.com\/index.php\/industrie-publicitaire-plv\/\" target=\"_self\" style=\"color: #ffffff;background-color: #f9b320;border-color: #ffffff;font-weight: 700;padding: 20px 40px 20px 40px\" class=\"eltdf-btn eltdf-btn-small eltdf-btn-solid eltdf-btn-custom-hover-bg eltdf-btn-custom-border-hover eltdf-btn-custom-hover-color\" data-hover-color=\"#f9b320\" data-hover-bg-color=\"#ffffff\" data-hover-border-color=\"#f9b320\" >\n    <span class=\"eltdf-btn-text\">D\u00e9tail<\/span>\n    <\/a>[\/vc_column][vc_column width=&#8221;1\/2&#8243;][vc_empty_space height=&#8221;20px&#8221;][vc_single_image image=&#8221;5714&#8243; img_size=&#8221;large&#8221;][\/vc_column][\/vc_row][vc_row content_placement=&#8221;bottom&#8221; row_content_width=&#8221;grid&#8221;][vc_column][vc_empty_space height=&#8221;40px&#8221;][\/vc_column][\/vc_row][vc_row content_placement=&#8221;bottom&#8221; row_content_width=&#8221;grid&#8221;][vc_column width=&#8221;1\/2&#8243;][vc_column_text]<\/p>\n<h4 style=\"color: #f9b320;\"><strong>Goodies &amp; Packaging<\/strong><\/h4>\n<p>[\/vc_column_text][vc_empty_space height=&#8221;20px&#8221;][vc_column_text]Pour faire en sorte que vos prospects et clients ne vous oublient pas, <strong><a href=\"http:\/\/www.akwascreation.com\">Akwas Cr\u00e9ation<\/a> <\/strong>innove pour vous fournir des conceptions personnalis\u00e9es de Packaging et Goodies.<\/p>\n<ul>\n<li>Packagings et emballages alimentaire (Bo\u00eete, Sachet, Barquette\u2026)<\/li>\n<li>Sacs (Sac papier rigide et kraft, Sac toile, Sac tissu\u2026)<\/li>\n<li>Objets publicitaires (Stylo, USB, Power Bank, Badge\u2026)<\/li>\n<li>Articles \u00e9v\u00e9nementiels (Bloc-notes, Porte document, Cartable\u2026)<\/li>\n<li>Textiles (T-shirt, Polo, Casquette, Sac\u2026)<\/li>\n<li>Cadeaux divers (Troph\u00e9e, Porte-cl\u00e9s, Porte-cartes ,Mug &amp; tasse\u2026)<\/li>\n<\/ul>\n<p>[\/vc_column_text][vc_empty_space height=&#8221;20px&#8221;]<a itemprop=\"url\" href=\"http:\/\/www.akwascreation.com\/index.php\/goodies-packaging\/\" target=\"_self\" style=\"color: #ffffff;background-color: #f9b320;border-color: #ffffff;font-weight: 700;padding: 20px 40px 20px 40px\" class=\"eltdf-btn eltdf-btn-small eltdf-btn-solid eltdf-btn-custom-hover-bg eltdf-btn-custom-border-hover eltdf-btn-custom-hover-color\" data-hover-color=\"#f9b320\" data-hover-bg-color=\"#ffffff\" data-hover-border-color=\"#f9b320\" >\n    <span class=\"eltdf-btn-text\">D\u00e9tail<\/span>\n    <\/a>[\/vc_column][vc_column width=&#8221;1\/2&#8243;][vc_empty_space height=&#8221;20px&#8221;][vc_single_image image=&#8221;5720&#8243; img_size=&#8221;large&#8221;][\/vc_column][\/vc_row][vc_row content_placement=&#8221;bottom&#8221; row_content_width=&#8221;grid&#8221;][vc_column][vc_empty_space height=&#8221;40px&#8221;][\/vc_column][\/vc_row][vc_row content_placement=&#8221;bottom&#8221; row_content_width=&#8221;grid&#8221;][vc_column width=&#8221;1\/2&#8243;][vc_column_text]<\/p>\n<h4 style=\"color: #f9b320;\"><strong>\u00c9v\u00e9nementiel &amp; R\u00e9ceptions<\/strong><\/h4>\n<p>[\/vc_column_text][vc_empty_space height=&#8221;20px&#8221;][vc_column_text]L\u2019organisation de vos r\u00e9ceptions, vos s\u00e9minaires ou de vos f\u00eates m\u00e9rite une attention particuli\u00e8re.<\/p>\n<p><a href=\"http:\/\/www.akwascreation.com\"><strong>Akwas Cr\u00e9ation<\/strong><\/a> s\u2019occupera de l\u2019int\u00e9gralit\u00e9 de vos \u00e9v\u00e9nementiels en allant de la conception, passant par les pr\u00e9paratifs jusqu\u2019\u00e0 l\u2019organisation logistique et mat\u00e9rielle.<\/p>\n<p><strong>Vos outils de communication \u00e9v\u00e9nementielle :<\/strong><\/p>\n<ul>\n<li>Soir\u00e9e entreprise<\/li>\n<li>S\u00e9minaire &amp; r\u00e9union<\/li>\n<li>Team building<\/li>\n<li>Animation ext\u00e9rieure<\/li>\n<\/ul>\n<p>[\/vc_column_text][vc_empty_space height=&#8221;20px&#8221;]<a itemprop=\"url\" href=\"http:\/\/www.akwascreation.com\/index.php\/evenementiel-receptions\/\" target=\"_self\" style=\"color: #ffffff;background-color: #f9b320;border-color: #ffffff;font-weight: 700;padding: 20px 40px 20px 40px\" class=\"eltdf-btn eltdf-btn-small eltdf-btn-solid eltdf-btn-custom-hover-bg eltdf-btn-custom-border-hover eltdf-btn-custom-hover-color\" data-hover-color=\"#f9b320\" data-hover-bg-color=\"#ffffff\" data-hover-border-color=\"#f9b320\" >\n    <span class=\"eltdf-btn-text\">D\u00e9tail<\/span>\n    <\/a>[\/vc_column][vc_column width=&#8221;1\/2&#8243;][vc_empty_space height=&#8221;20px&#8221;][vc_single_image image=&#8221;5726&#8243; img_size=&#8221;large&#8221;][\/vc_column][\/vc_row][vc_row content_placement=&#8221;bottom&#8221; row_content_width=&#8221;grid&#8221;][vc_column][vc_empty_space height=&#8221;40px&#8221;][\/vc_column][\/vc_row][vc_row content_placement=&#8221;bottom&#8221; row_content_width=&#8221;grid&#8221;][vc_column width=&#8221;1\/2&#8243;][vc_column_text]<\/p>\n<h4 style=\"color: #f9b320;\"><strong>D\u00e9veloppement Web Et Mobile<\/strong><\/h4>\n<p>[\/vc_column_text][vc_empty_space height=&#8221;20px&#8221;][vc_column_text]De nos jours, il est imp\u00e9ratif que les organisations, abstraction faite de leurs types, disposent de leurs propres sites web.<\/p>\n<p><strong><a href=\"http:\/\/www.akwascreation.com\">Akwas Cr\u00e9ation<\/a><\/strong> propose une panoplie de services de d\u00e9veloppement Web et mobile qui aidera nos clients \u00e0 faire passer leurs marque \u00e0 un niveau sup\u00e9rieur. Quelque soit votre besoin digital, nous intervenons pour y apporter une solution personnalis\u00e9e :<\/p>\n<ul>\n<li>D\u00e9veloppement site web<\/li>\n<li>Application Web &amp; Mobile<\/li>\n<li>Solution E-commerce<\/li>\n<li>R\u00e9f\u00e9rencement web<\/li>\n<li>H\u00e9bergement &amp; Nom de domaine<\/li>\n<\/ul>\n<p>[\/vc_column_text][vc_empty_space height=&#8221;20px&#8221;]<a itemprop=\"url\" href=\"http:\/\/www.akwascreation.com\/index.php\/developpement-web-et-mobile\/\" target=\"_self\" style=\"color: #ffffff;background-color: #f9b320;border-color: #ffffff;font-weight: 700;padding: 20px 40px 20px 40px\" class=\"eltdf-btn eltdf-btn-small eltdf-btn-solid eltdf-btn-custom-hover-bg eltdf-btn-custom-border-hover eltdf-btn-custom-hover-color\" data-hover-color=\"#f9b320\" data-hover-bg-color=\"#ffffff\" data-hover-border-color=\"#f9b320\" >\n    <span class=\"eltdf-btn-text\">D\u00e9tail<\/span>\n    <\/a>[\/vc_column][vc_column width=&#8221;1\/2&#8243;][vc_empty_space height=&#8221;20px&#8221;][vc_single_image image=&#8221;5741&#8243; img_size=&#8221;large&#8221;][\/vc_column][\/vc_row][vc_row content_placement=&#8221;bottom&#8221; row_content_width=&#8221;grid&#8221;][vc_column][vc_empty_space height=&#8221;40px&#8221;][\/vc_column][\/vc_row]<\/p>\n","protected":false},"excerpt":{"rendered":"<p>[vc_row content_placement=&#8221;bottom&#8221; parallax=&#8221;content-moving-fade&#8221; row_content_width=&#8221;grid&#8221; css=&#8221;.vc_custom_1586950443895{padding-top: 123px !important;padding-right: 0px !important;padding-bottom: 88px !important;padding-left: 0px !important;background-image: url(http:\/\/www.akwascreation.com\/wp-content\/uploads\/2020\/04\/1_Services-title-img.jpg?id=5748) !important;background-position: center;background-repeat: no-repeat !important;background-size: contain !important;}&#8221;][vc_column][\/vc_column][\/vc_row][vc_row content_placement=&#8221;bottom&#8221; row_content_width=&#8221;grid&#8221;][vc_column][vc_empty_space height=&#8221;40px&#8221;][\/vc_column][\/vc_row][vc_row content_placement=&#8221;bottom&#8221; row_content_width=&#8221;grid&#8221;][vc_column width=&#8221;1\/2&#8243;][vc_column_text] Strat\u00e9gie &amp; Conseil En Communication [\/vc_column_text][vc_empty_space height=&#8221;20px&#8221;][vc_column_text]Plusieurs points cl\u00e9s doivent \u00eatre d\u00e9finis afin d\u2019\u00e9laborer une strat\u00e9gie de communication sur mesure : Le secteur d\u2019activit\u00e9 et le positionnement sur le march\u00e9 Les centres d\u2019int\u00e9r\u00eat et pr\u00e9f\u00e9rences des clients [&hellip;]<\/p>\n","protected":false},"author":1,"featured_media":0,"parent":0,"menu_order":0,"comment_status":"closed","ping_status":"closed","template":"full-width.php","meta":{"footnotes":""},"class_list":["post-301","page","type-page","status-publish","hentry"],"yoast_head":"<!-- This site is optimized with the Yoast SEO plugin v23.6 - https:\/\/yoast.com\/wordpress\/plugins\/seo\/ -->\n<title>Services - Akwas Creation<\/title>\n<meta name=\"robots\" content=\"index, follow, max-snippet:-1, max-image-preview:large, max-video-preview:-1\" \/>\n<link rel=\"canonical\" href=\"https:\/\/www.akwascreation.com\/index.php\/services\/\" \/>\n<meta property=\"og:locale\" content=\"fr_FR\" \/>\n<meta property=\"og:type\" content=\"article\" \/>\n<meta property=\"og:title\" content=\"Services - Akwas Creation\" \/>\n<meta property=\"og:description\" content=\"[vc_row content_placement=&#8221;bottom&#8221; parallax=&#8221;content-moving-fade&#8221; row_content_width=&#8221;grid&#8221; css=&#8221;.vc_custom_1586950443895{padding-top: 123px !important;padding-right: 0px !important;padding-bottom: 88px !important;padding-left: 0px !important;background-image: url(http:\/\/www.akwascreation.com\/wp-content\/uploads\/2020\/04\/1_Services-title-img.jpg?id=5748) !important;background-position: center;background-repeat: no-repeat !important;background-size: contain !important;}&#8221;][vc_column][\/vc_column][\/vc_row][vc_row content_placement=&#8221;bottom&#8221; row_content_width=&#8221;grid&#8221;][vc_column][vc_empty_space height=&#8221;40px&#8221;][\/vc_column][\/vc_row][vc_row content_placement=&#8221;bottom&#8221; row_content_width=&#8221;grid&#8221;][vc_column width=&#8221;1\/2&#8243;][vc_column_text] Strat\u00e9gie &amp; Conseil En Communication [\/vc_column_text][vc_empty_space height=&#8221;20px&#8221;][vc_column_text]Plusieurs points cl\u00e9s doivent \u00eatre d\u00e9finis afin d\u2019\u00e9laborer une strat\u00e9gie de communication sur mesure : Le secteur d\u2019activit\u00e9 et le positionnement sur le march\u00e9 Les centres d\u2019int\u00e9r\u00eat et pr\u00e9f\u00e9rences des clients [&hellip;]\" \/>\n<meta property=\"og:url\" content=\"https:\/\/www.akwascreation.com\/index.php\/services\/\" \/>\n<meta property=\"og:site_name\" content=\"Akwas Creation\" \/>\n<meta property=\"article:modified_time\" content=\"2020-07-03T11:37:31+00:00\" \/>\n<meta name=\"twitter:card\" content=\"summary_large_image\" \/>\n<meta name=\"twitter:label1\" content=\"Dur\u00e9e de lecture estim\u00e9e\" \/>\n\t<meta name=\"twitter:data1\" content=\"8 minutes\" \/>\n<script type=\"application\/ld+json\" class=\"yoast-schema-graph\">{\"@context\":\"https:\/\/schema.org\",\"@graph\":[{\"@type\":\"WebPage\",\"@id\":\"https:\/\/www.akwascreation.com\/index.php\/services\/\",\"url\":\"https:\/\/www.akwascreation.com\/index.php\/services\/\",\"name\":\"Services - Akwas Creation\",\"isPartOf\":{\"@id\":\"https:\/\/www.akwascreation.com\/#website\"},\"datePublished\":\"2018-10-18T14:29:17+00:00\",\"dateModified\":\"2020-07-03T11:37:31+00:00\",\"breadcrumb\":{\"@id\":\"https:\/\/www.akwascreation.com\/index.php\/services\/#breadcrumb\"},\"inLanguage\":\"fr-FR\",\"potentialAction\":[{\"@type\":\"ReadAction\",\"target\":[\"https:\/\/www.akwascreation.com\/index.php\/services\/\"]}]},{\"@type\":\"BreadcrumbList\",\"@id\":\"https:\/\/www.akwascreation.com\/index.php\/services\/#breadcrumb\",\"itemListElement\":[{\"@type\":\"ListItem\",\"position\":1,\"name\":\"Accueil\",\"item\":\"https:\/\/www.akwascreation.com\/\"},{\"@type\":\"ListItem\",\"position\":2,\"name\":\"Services\"}]},{\"@type\":\"WebSite\",\"@id\":\"https:\/\/www.akwascreation.com\/#website\",\"url\":\"https:\/\/www.akwascreation.com\/\",\"name\":\"Akwas Creation\",\"description\":\"Agence de communication \u00e0 Rabat Maroc\",\"potentialAction\":[{\"@type\":\"SearchAction\",\"target\":{\"@type\":\"EntryPoint\",\"urlTemplate\":\"https:\/\/www.akwascreation.com\/?s={search_term_string}\"},\"query-input\":{\"@type\":\"PropertyValueSpecification\",\"valueRequired\":true,\"valueName\":\"search_term_string\"}}],\"inLanguage\":\"fr-FR\"}]}<\/script>\n<!-- \/ Yoast SEO plugin. -->","yoast_head_json":{"title":"Services - Akwas Creation","robots":{"index":"index","follow":"follow","max-snippet":"max-snippet:-1","max-image-preview":"max-image-preview:large","max-video-preview":"max-video-preview:-1"},"canonical":"https:\/\/www.akwascreation.com\/index.php\/services\/","og_locale":"fr_FR","og_type":"article","og_title":"Services - Akwas Creation","og_description":"[vc_row content_placement=&#8221;bottom&#8221; parallax=&#8221;content-moving-fade&#8221; row_content_width=&#8221;grid&#8221; css=&#8221;.vc_custom_1586950443895{padding-top: 123px !important;padding-right: 0px !important;padding-bottom: 88px !important;padding-left: 0px !important;background-image: url(http:\/\/www.akwascreation.com\/wp-content\/uploads\/2020\/04\/1_Services-title-img.jpg?id=5748) !important;background-position: center;background-repeat: no-repeat !important;background-size: contain !important;}&#8221;][vc_column][\/vc_column][\/vc_row][vc_row content_placement=&#8221;bottom&#8221; row_content_width=&#8221;grid&#8221;][vc_column][vc_empty_space height=&#8221;40px&#8221;][\/vc_column][\/vc_row][vc_row content_placement=&#8221;bottom&#8221; row_content_width=&#8221;grid&#8221;][vc_column width=&#8221;1\/2&#8243;][vc_column_text] Strat\u00e9gie &amp; Conseil En Communication [\/vc_column_text][vc_empty_space height=&#8221;20px&#8221;][vc_column_text]Plusieurs points cl\u00e9s doivent \u00eatre d\u00e9finis afin d\u2019\u00e9laborer une strat\u00e9gie de communication sur mesure : Le secteur d\u2019activit\u00e9 et le positionnement sur le march\u00e9 Les centres d\u2019int\u00e9r\u00eat et pr\u00e9f\u00e9rences des clients [&hellip;]","og_url":"https:\/\/www.akwascreation.com\/index.php\/services\/","og_site_name":"Akwas Creation","article_modified_time":"2020-07-03T11:37:31+00:00","twitter_card":"summary_large_image","twitter_misc":{"Dur\u00e9e de lecture estim\u00e9e":"8 minutes"},"schema":{"@context":"https:\/\/schema.org","@graph":[{"@type":"WebPage","@id":"https:\/\/www.akwascreation.com\/index.php\/services\/","url":"https:\/\/www.akwascreation.com\/index.php\/services\/","name":"Services - Akwas Creation","isPartOf":{"@id":"https:\/\/www.akwascreation.com\/#website"},"datePublished":"2018-10-18T14:29:17+00:00","dateModified":"2020-07-03T11:37:31+00:00","breadcrumb":{"@id":"https:\/\/www.akwascreation.com\/index.php\/services\/#breadcrumb"},"inLanguage":"fr-FR","potentialAction":[{"@type":"ReadAction","target":["https:\/\/www.akwascreation.com\/index.php\/services\/"]}]},{"@type":"BreadcrumbList","@id":"https:\/\/www.akwascreation.com\/index.php\/services\/#breadcrumb","itemListElement":[{"@type":"ListItem","position":1,"name":"Accueil","item":"https:\/\/www.akwascreation.com\/"},{"@type":"ListItem","position":2,"name":"Services"}]},{"@type":"WebSite","@id":"https:\/\/www.akwascreation.com\/#website","url":"https:\/\/www.akwascreation.com\/","name":"Akwas Creation","description":"Agence de communication \u00e0 Rabat Maroc","potentialAction":[{"@type":"SearchAction","target":{"@type":"EntryPoint","urlTemplate":"https:\/\/www.akwascreation.com\/?s={search_term_string}"},"query-input":{"@type":"PropertyValueSpecification","valueRequired":true,"valueName":"search_term_string"}}],"inLanguage":"fr-FR"}]}},"_links":{"self":[{"href":"https:\/\/www.akwascreation.com\/index.php\/wp-json\/wp\/v2\/pages\/301"}],"collection":[{"href":"https:\/\/www.akwascreation.com\/index.php\/wp-json\/wp\/v2\/pages"}],"about":[{"href":"https:\/\/www.akwascreation.com\/index.php\/wp-json\/wp\/v2\/types\/page"}],"author":[{"embeddable":true,"href":"https:\/\/www.akwascreation.com\/index.php\/wp-json\/wp\/v2\/users\/1"}],"replies":[{"embeddable":true,"href":"https:\/\/www.akwascreation.com\/index.php\/wp-json\/wp\/v2\/comments?post=301"}],"version-history":[{"count":142,"href":"https:\/\/www.akwascreation.com\/index.php\/wp-json\/wp\/v2\/pages\/301\/revisions"}],"predecessor-version":[{"id":6044,"href":"https:\/\/www.akwascreation.com\/index.php\/wp-json\/wp\/v2\/pages\/301\/revisions\/6044"}],"wp:attachment":[{"href":"https:\/\/www.akwascreation.com\/index.php\/wp-json\/wp\/v2\/media?parent=301"}],"curies":[{"name":"wp","href":"https:\/\/api.w.org\/{rel}","templated":true}]}}