{"id":4883,"date":"2020-03-11T17:29:24","date_gmt":"2020-03-11T16:29:24","guid":{"rendered":"http:\/\/akwas.ma\/Beta\/?page_id=4883"},"modified":"2020-07-03T13:45:57","modified_gmt":"2020-07-03T11:45:57","slug":"strategie-conseil-en-communication","status":"publish","type":"page","link":"https:\/\/www.akwascreation.com\/index.php\/strategie-conseil-en-communication\/","title":{"rendered":"Strat\u00e9gie &#038; Conseil en communication"},"content":{"rendered":"<p>[vc_row css=&#8221;.vc_custom_1593338706547{padding-right: 5% !important;padding-left: 5% !important;}&#8221;][vc_column]<div class=\"eltdf-background-text eltdf-align-left eltdf-no-rotate\" style=\"color:#f9b320;left: 5.8%;top: 272px;font-size: 150pxpx\"\n     id=\"eltdf-background-text-467\" data-item-class=\"bkgText-2923\" data-font-size-1600=\"150px\" data-font-size-1366=\"150px\" data-font-size-1024=\"530px\" data-font-size-768=\"530px\" data-font-size-680=\"70px\" data-horizontal-offset-1600=\"0px\" data-horizontal-offset-1366=\"0px\" data-horizontal-offset-1024=\"0px\" data-horizontal-offset-768=\"0px\" data-horizontal-offset-680=\"0px\" data-vertical-offset-1600=\"195px\" data-vertical-offset-1366=\"195px\" data-vertical-offset-1024=\"228px\" data-vertical-offset-768=\"228px\" data-vertical-offset-680=\"30px\">\n    <div class=\"eltdf-background-text-inner\">\n\t\tStrat\u00e9gie &amp; Conseil en communication    <\/div>\n<\/div>\n[\/vc_column][\/vc_row][vc_row row_content_width=&#8221;grid&#8221;][vc_column]<div class=\"eltdf-elements-holder   eltdf-two-columns  eltdf-responsive-mode-1024 \" ><div class=\"eltdf-eh-item    \"  data-item-class=\"eltdf-eh-custom-6753\" data-1367-1600=\"190px 111px 100px 0px\" data-1025-1366=\"180px 96px 100px 0\" data-769-1024=\"300px 0px 10px 0\" data-681-768=\"320px 0px 10px 0\" data-680=\"215px 0px 13px 0\">\n\t<div class=\"eltdf-eh-item-inner\">\n\t\t<div class=\"eltdf-eh-item-content eltdf-eh-custom-6753\" style=\"padding: 100px 111px 100px 0\">\n\t\t\t<div class=\"eltdf-single-image-holder   \">\n    <div class=\"eltdf-si-inner\" >\n                                    <img loading=\"lazy\" decoding=\"async\" width=\"800\" height=\"670\" src=\"https:\/\/www.akwascreation.com\/wp-content\/uploads\/2020\/04\/ConseilStrategieCom__Akwas.png\" class=\"attachment-full size-full\" alt=\"\" srcset=\"https:\/\/www.akwascreation.com\/wp-content\/uploads\/2020\/04\/ConseilStrategieCom__Akwas.png 800w, https:\/\/www.akwascreation.com\/wp-content\/uploads\/2020\/04\/ConseilStrategieCom__Akwas-300x251.png 300w, https:\/\/www.akwascreation.com\/wp-content\/uploads\/2020\/04\/ConseilStrategieCom__Akwas-768x643.png 768w\" sizes=\"(max-width: 800px) 100vw, 800px\" \/>                        <\/div>\n<\/div>\t\t<\/div>\n\t<\/div>\n<\/div><div class=\"eltdf-eh-item    \"  data-item-class=\"eltdf-eh-custom-5042\" data-1367-1600=\"89px 80px 196px 0px\" data-1025-1366=\"80px 7px 86px 0px\" data-769-1024=\"82px 140px 46px 0px\" data-681-768=\"82px 0px 0 0px\" data-680=\"82px 0px 46px 0px\">\n\t<div class=\"eltdf-eh-item-inner\">\n\t\t<div class=\"eltdf-eh-item-content eltdf-eh-custom-5042\" style=\"padding: 0 70px 196px 0px\">\n\t\t\t<div class=\"eltdf-section-title-holder  eltdf-st-standard eltdf-st-title-left eltdf-st-normal-space \" >\n\t<div class=\"eltdf-st-inner\">\n\t\t\t\t\t<h1 class=\"eltdf-st-title\" >\n\t\t\t\tElaboration d\u2019une strat\u00e9gie de communication\t\t\t<\/h1>\n\t\t\t\t\t<\/div>\n<\/div>[vc_empty_space height=&#8221;38px&#8221;][vc_column_text]Plusieurs points cl\u00e9s doivent \u00eatre d\u00e9finis afin d\u2019\u00e9laborer une strat\u00e9gie de communication sur mesure :[\/vc_column_text][vc_empty_space height=&#8221;4px&#8221;][vc_column_text]<\/p>\n<ul>\n<li>Le secteur d\u2019activit\u00e9 et le positionnement sur le march\u00e9<\/li>\n<li>Les centres d\u2019int\u00e9r\u00eat et pr\u00e9f\u00e9rences des clients<\/li>\n<li>Les objectifs vis\u00e9s<\/li>\n<li>Les bons canaux de communication<\/li>\n<li>Les informations et messages \u00e0 v\u00e9hiculer<\/li>\n<li>Le public cibles<\/li>\n<li>les ressources humaines et financi\u00e8res d\u00e9ploy\u00e9es<\/li>\n<\/ul>\n<p>[\/vc_column_text][vc_empty_space height=&#8221;4px&#8221;][vc_column_text]En fonction des objectifs trac\u00e9s de votre entreprise, des recommandations strat\u00e9giques et une strat\u00e9gie globale de communication seront \u00e9tablies.[\/vc_column_text]\t\t<\/div>\n\t<\/div>\n<\/div><\/div>[\/vc_column][\/vc_row][vc_row row_content_width=&#8221;grid&#8221; css=&#8221;.vc_custom_1583945580524{padding-bottom: 30px !important;}&#8221;][vc_column offset=&#8221;vc_col-lg-5 vc_col-md-10&#8243; css=&#8221;.vc_custom_1583945596537{border-right-width: 1px !important;padding-right: 0px !important;}&#8221;]<div class=\"eltdf-elements-holder   eltdf-one-column  eltdf-responsive-mode-768 \" ><div class=\"eltdf-eh-item    \"  data-item-class=\"eltdf-eh-custom-7147\" data-680=\"0 20px 0 0\">\n\t<div class=\"eltdf-eh-item-inner\">\n\t\t<div class=\"eltdf-eh-item-content eltdf-eh-custom-7147\" style=\"padding: 0 0 0 0\">\n\t\t\t[vc_column_text]<\/p>\n<h5 style=\"margin-top: 19px;\"><strong>Choix de la strat\u00e9gie de communication<\/strong><\/h5>\n<p>[\/vc_column_text][vc_empty_space height=&#8221;4px&#8221;][vc_column_text]Votre strat\u00e9gie de communication doit r\u00e9pondre parfaitement \u00e0 vos objectifs prioritaires avec un minimum de co\u00fbt. Il est donc n\u00e9cessaire de planifier l\u2019ensemble des actions et des co\u00fbts associ\u00e9s et de mesurer les r\u00e9sultats obtenus.<\/p>\n<p>La strat\u00e9gie de communication choisie doit garantir des r\u00e9sultats et un retour sur investissement des op\u00e9rations effectu\u00e9es.[\/vc_column_text][vc_empty_space height=&#8221;&#8221; css=&#8221;.vc_custom_1542711228486{padding-bottom: 20% !important;}&#8221;]\t\t<\/div>\n\t<\/div>\n<\/div><\/div>[\/vc_column][vc_column offset=&#8221;vc_col-lg-offset-0 vc_col-lg-7 vc_col-md-offset-0 vc_col-md-12 vc_col-sm-offset-0&#8243;]<div class=\"eltdf-elements-holder   eltdf-one-column  eltdf-responsive-mode-768 \" ><div class=\"eltdf-eh-item    \"  data-item-class=\"eltdf-eh-custom-3282\" data-1367-1600=\"19px 0px 0 74px\" data-1025-1366=\"19px 0px 0 60px\" data-769-1024=\"19px 110px 0px 0px\" data-681-768=\"19px 0px 0px 0px\" data-680=\"19px 0px 0px 0px\">\n\t<div class=\"eltdf-eh-item-inner\">\n\t\t<div class=\"eltdf-eh-item-content eltdf-eh-custom-3282\" style=\"padding: 19px 0px 0 94px\">\n\t\t\t<div class=\"eltdf-image-gallery  eltdf-ig-carousel-type eltdf-three-columns eltdf-huge-space  \">\n\t<div class=\"eltdf-ig-slider eltdf-owl-slider\" data-number-of-items=\"1\" data-enable-loop=\"yes\" data-enable-autoplay=\"yes\" data-slider-speed=\"5000\" data-slider-speed-animation=\"600\" data-slider-padding=\"no\" data-enable-navigation=\"yes\" data-enable-pagination=\"no\">\n\t\t\t\t\t<div class=\"eltdf-ig-image\">\n\t\t\t\t\t\t\t\t\t<img loading=\"lazy\" decoding=\"async\" width=\"800\" height=\"484\" src=\"https:\/\/www.akwascreation.com\/wp-content\/uploads\/2020\/04\/ConseilStrategieCom_1.jpg\" class=\"attachment-full size-full\" alt=\"\" srcset=\"https:\/\/www.akwascreation.com\/wp-content\/uploads\/2020\/04\/ConseilStrategieCom_1.jpg 800w, https:\/\/www.akwascreation.com\/wp-content\/uploads\/2020\/04\/ConseilStrategieCom_1-300x182.jpg 300w, https:\/\/www.akwascreation.com\/wp-content\/uploads\/2020\/04\/ConseilStrategieCom_1-768x465.jpg 768w\" sizes=\"(max-width: 800px) 100vw, 800px\" \/>\t\t\t\t\t\t\t<\/div>\n\t\t\t\t\t<div class=\"eltdf-ig-image\">\n\t\t\t\t\t\t\t\t\t<img loading=\"lazy\" decoding=\"async\" width=\"800\" height=\"484\" src=\"https:\/\/www.akwascreation.com\/wp-content\/uploads\/2020\/04\/ConseilStrategieCom_2.jpg\" class=\"attachment-full size-full\" alt=\"\" srcset=\"https:\/\/www.akwascreation.com\/wp-content\/uploads\/2020\/04\/ConseilStrategieCom_2.jpg 800w, https:\/\/www.akwascreation.com\/wp-content\/uploads\/2020\/04\/ConseilStrategieCom_2-300x182.jpg 300w, https:\/\/www.akwascreation.com\/wp-content\/uploads\/2020\/04\/ConseilStrategieCom_2-768x465.jpg 768w\" sizes=\"(max-width: 800px) 100vw, 800px\" \/>\t\t\t\t\t\t\t<\/div>\n\t\t\t\t\t<div class=\"eltdf-ig-image\">\n\t\t\t\t\t\t\t\t\t<img loading=\"lazy\" decoding=\"async\" width=\"800\" height=\"484\" src=\"https:\/\/www.akwascreation.com\/wp-content\/uploads\/2020\/04\/ConseilStrategieCom_3.jpg\" class=\"attachment-full size-full\" alt=\"\" srcset=\"https:\/\/www.akwascreation.com\/wp-content\/uploads\/2020\/04\/ConseilStrategieCom_3.jpg 800w, https:\/\/www.akwascreation.com\/wp-content\/uploads\/2020\/04\/ConseilStrategieCom_3-300x182.jpg 300w, https:\/\/www.akwascreation.com\/wp-content\/uploads\/2020\/04\/ConseilStrategieCom_3-768x465.jpg 768w\" sizes=\"(max-width: 800px) 100vw, 800px\" \/>\t\t\t\t\t\t\t<\/div>\n\t\t\t<\/div>\n<\/div>\t\t<\/div>\n\t<\/div>\n<\/div><\/div>[\/vc_column][\/vc_row]<\/p>\n","protected":false},"excerpt":{"rendered":"<p>[vc_row css=&#8221;.vc_custom_1593338706547{padding-right: 5% !important;padding-left: 5% !important;}&#8221;][vc_column][\/vc_column][\/vc_row][vc_row row_content_width=&#8221;grid&#8221;][vc_column][\/vc_column][\/vc_row][vc_row row_content_width=&#8221;grid&#8221; css=&#8221;.vc_custom_1583945580524{padding-bottom: 30px !important;}&#8221;][vc_column offset=&#8221;vc_col-lg-5 vc_col-md-10&#8243; css=&#8221;.vc_custom_1583945596537{border-right-width: 1px !important;padding-right: 0px !important;}&#8221;][\/vc_column][vc_column offset=&#8221;vc_col-lg-offset-0 vc_col-lg-7 vc_col-md-offset-0 vc_col-md-12 vc_col-sm-offset-0&#8243;][\/vc_column][\/vc_row]<\/p>\n","protected":false},"author":1,"featured_media":0,"parent":0,"menu_order":0,"comment_status":"closed","ping_status":"closed","template":"full-width.php","meta":{"footnotes":""},"class_list":["post-4883","page","type-page","status-publish","hentry"],"yoast_head":"<!-- This site is optimized with the Yoast SEO plugin v23.6 - https:\/\/yoast.com\/wordpress\/plugins\/seo\/ -->\n<title>Strat\u00e9gie &amp; Conseil en communication - Akwas Creation<\/title>\n<meta name=\"robots\" content=\"index, follow, max-snippet:-1, max-image-preview:large, max-video-preview:-1\" \/>\n<link rel=\"canonical\" href=\"https:\/\/www.akwascreation.com\/index.php\/strategie-conseil-en-communication\/\" \/>\n<meta property=\"og:locale\" content=\"fr_FR\" \/>\n<meta property=\"og:type\" content=\"article\" \/>\n<meta property=\"og:title\" content=\"Strat\u00e9gie &amp; Conseil en communication - Akwas Creation\" \/>\n<meta property=\"og:description\" content=\"[vc_row css=&#8221;.vc_custom_1593338706547{padding-right: 5% !important;padding-left: 5% !important;}&#8221;][vc_column][\/vc_column][\/vc_row][vc_row row_content_width=&#8221;grid&#8221;][vc_column][\/vc_column][\/vc_row][vc_row row_content_width=&#8221;grid&#8221; css=&#8221;.vc_custom_1583945580524{padding-bottom: 30px !important;}&#8221;][vc_column offset=&#8221;vc_col-lg-5 vc_col-md-10&#8243; css=&#8221;.vc_custom_1583945596537{border-right-width: 1px !important;padding-right: 0px !important;}&#8221;][\/vc_column][vc_column offset=&#8221;vc_col-lg-offset-0 vc_col-lg-7 vc_col-md-offset-0 vc_col-md-12 vc_col-sm-offset-0&#8243;][\/vc_column][\/vc_row]\" \/>\n<meta property=\"og:url\" content=\"https:\/\/www.akwascreation.com\/index.php\/strategie-conseil-en-communication\/\" \/>\n<meta property=\"og:site_name\" content=\"Akwas Creation\" \/>\n<meta property=\"article:modified_time\" content=\"2020-07-03T11:45:57+00:00\" \/>\n<meta name=\"twitter:card\" content=\"summary_large_image\" \/>\n<meta name=\"twitter:label1\" content=\"Dur\u00e9e de lecture estim\u00e9e\" \/>\n\t<meta name=\"twitter:data1\" content=\"3 minutes\" \/>\n<script type=\"application\/ld+json\" class=\"yoast-schema-graph\">{\"@context\":\"https:\/\/schema.org\",\"@graph\":[{\"@type\":\"WebPage\",\"@id\":\"https:\/\/www.akwascreation.com\/index.php\/strategie-conseil-en-communication\/\",\"url\":\"https:\/\/www.akwascreation.com\/index.php\/strategie-conseil-en-communication\/\",\"name\":\"Strat\u00e9gie & Conseil en communication - Akwas Creation\",\"isPartOf\":{\"@id\":\"https:\/\/www.akwascreation.com\/#website\"},\"datePublished\":\"2020-03-11T16:29:24+00:00\",\"dateModified\":\"2020-07-03T11:45:57+00:00\",\"breadcrumb\":{\"@id\":\"https:\/\/www.akwascreation.com\/index.php\/strategie-conseil-en-communication\/#breadcrumb\"},\"inLanguage\":\"fr-FR\",\"potentialAction\":[{\"@type\":\"ReadAction\",\"target\":[\"https:\/\/www.akwascreation.com\/index.php\/strategie-conseil-en-communication\/\"]}]},{\"@type\":\"BreadcrumbList\",\"@id\":\"https:\/\/www.akwascreation.com\/index.php\/strategie-conseil-en-communication\/#breadcrumb\",\"itemListElement\":[{\"@type\":\"ListItem\",\"position\":1,\"name\":\"Accueil\",\"item\":\"https:\/\/www.akwascreation.com\/\"},{\"@type\":\"ListItem\",\"position\":2,\"name\":\"Strat\u00e9gie &#038; Conseil en communication\"}]},{\"@type\":\"WebSite\",\"@id\":\"https:\/\/www.akwascreation.com\/#website\",\"url\":\"https:\/\/www.akwascreation.com\/\",\"name\":\"Akwas Creation\",\"description\":\"Agence de communication \u00e0 Rabat Maroc\",\"potentialAction\":[{\"@type\":\"SearchAction\",\"target\":{\"@type\":\"EntryPoint\",\"urlTemplate\":\"https:\/\/www.akwascreation.com\/?s={search_term_string}\"},\"query-input\":{\"@type\":\"PropertyValueSpecification\",\"valueRequired\":true,\"valueName\":\"search_term_string\"}}],\"inLanguage\":\"fr-FR\"}]}<\/script>\n<!-- \/ Yoast SEO plugin. -->","yoast_head_json":{"title":"Strat\u00e9gie & Conseil en communication - Akwas Creation","robots":{"index":"index","follow":"follow","max-snippet":"max-snippet:-1","max-image-preview":"max-image-preview:large","max-video-preview":"max-video-preview:-1"},"canonical":"https:\/\/www.akwascreation.com\/index.php\/strategie-conseil-en-communication\/","og_locale":"fr_FR","og_type":"article","og_title":"Strat\u00e9gie & Conseil en communication - Akwas Creation","og_description":"[vc_row css=&#8221;.vc_custom_1593338706547{padding-right: 5% !important;padding-left: 5% !important;}&#8221;][vc_column][\/vc_column][\/vc_row][vc_row row_content_width=&#8221;grid&#8221;][vc_column][\/vc_column][\/vc_row][vc_row row_content_width=&#8221;grid&#8221; css=&#8221;.vc_custom_1583945580524{padding-bottom: 30px !important;}&#8221;][vc_column offset=&#8221;vc_col-lg-5 vc_col-md-10&#8243; css=&#8221;.vc_custom_1583945596537{border-right-width: 1px !important;padding-right: 0px !important;}&#8221;][\/vc_column][vc_column offset=&#8221;vc_col-lg-offset-0 vc_col-lg-7 vc_col-md-offset-0 vc_col-md-12 vc_col-sm-offset-0&#8243;][\/vc_column][\/vc_row]","og_url":"https:\/\/www.akwascreation.com\/index.php\/strategie-conseil-en-communication\/","og_site_name":"Akwas Creation","article_modified_time":"2020-07-03T11:45:57+00:00","twitter_card":"summary_large_image","twitter_misc":{"Dur\u00e9e de lecture estim\u00e9e":"3 minutes"},"schema":{"@context":"https:\/\/schema.org","@graph":[{"@type":"WebPage","@id":"https:\/\/www.akwascreation.com\/index.php\/strategie-conseil-en-communication\/","url":"https:\/\/www.akwascreation.com\/index.php\/strategie-conseil-en-communication\/","name":"Strat\u00e9gie & Conseil en communication - Akwas Creation","isPartOf":{"@id":"https:\/\/www.akwascreation.com\/#website"},"datePublished":"2020-03-11T16:29:24+00:00","dateModified":"2020-07-03T11:45:57+00:00","breadcrumb":{"@id":"https:\/\/www.akwascreation.com\/index.php\/strategie-conseil-en-communication\/#breadcrumb"},"inLanguage":"fr-FR","potentialAction":[{"@type":"ReadAction","target":["https:\/\/www.akwascreation.com\/index.php\/strategie-conseil-en-communication\/"]}]},{"@type":"BreadcrumbList","@id":"https:\/\/www.akwascreation.com\/index.php\/strategie-conseil-en-communication\/#breadcrumb","itemListElement":[{"@type":"ListItem","position":1,"name":"Accueil","item":"https:\/\/www.akwascreation.com\/"},{"@type":"ListItem","position":2,"name":"Strat\u00e9gie &#038; Conseil en communication"}]},{"@type":"WebSite","@id":"https:\/\/www.akwascreation.com\/#website","url":"https:\/\/www.akwascreation.com\/","name":"Akwas Creation","description":"Agence de communication \u00e0 Rabat Maroc","potentialAction":[{"@type":"SearchAction","target":{"@type":"EntryPoint","urlTemplate":"https:\/\/www.akwascreation.com\/?s={search_term_string}"},"query-input":{"@type":"PropertyValueSpecification","valueRequired":true,"valueName":"search_term_string"}}],"inLanguage":"fr-FR"}]}},"_links":{"self":[{"href":"https:\/\/www.akwascreation.com\/index.php\/wp-json\/wp\/v2\/pages\/4883"}],"collection":[{"href":"https:\/\/www.akwascreation.com\/index.php\/wp-json\/wp\/v2\/pages"}],"about":[{"href":"https:\/\/www.akwascreation.com\/index.php\/wp-json\/wp\/v2\/types\/page"}],"author":[{"embeddable":true,"href":"https:\/\/www.akwascreation.com\/index.php\/wp-json\/wp\/v2\/users\/1"}],"replies":[{"embeddable":true,"href":"https:\/\/www.akwascreation.com\/index.php\/wp-json\/wp\/v2\/comments?post=4883"}],"version-history":[{"count":32,"href":"https:\/\/www.akwascreation.com\/index.php\/wp-json\/wp\/v2\/pages\/4883\/revisions"}],"predecessor-version":[{"id":6057,"href":"https:\/\/www.akwascreation.com\/index.php\/wp-json\/wp\/v2\/pages\/4883\/revisions\/6057"}],"wp:attachment":[{"href":"https:\/\/www.akwascreation.com\/index.php\/wp-json\/wp\/v2\/media?parent=4883"}],"curies":[{"name":"wp","href":"https:\/\/api.w.org\/{rel}","templated":true}]}}