{"id":4967,"date":"2020-03-12T10:10:08","date_gmt":"2020-03-12T09:10:08","guid":{"rendered":"http:\/\/akwas.ma\/Beta\/?page_id=4967"},"modified":"2020-07-03T13:45:01","modified_gmt":"2020-07-03T11:45:01","slug":"evenementiel-receptions","status":"publish","type":"page","link":"https:\/\/www.akwascreation.com\/index.php\/evenementiel-receptions\/","title":{"rendered":"\u00c9v\u00e9nementiel &#038; R\u00e9ceptions"},"content":{"rendered":"<p>[vc_row css=&#8221;.vc_custom_1593338596853{padding-right: 5% !important;padding-left: 5% !important;}&#8221;][vc_column]<div class=\"eltdf-background-text eltdf-align-left eltdf-no-rotate\" style=\"color:#f9b320;left: 5.8%;top: 272px;font-size: 150pxpx\"\n     id=\"eltdf-background-text-123\" data-item-class=\"bkgText-3155\" data-font-size-1600=\"150px\" data-font-size-1366=\"150px\" data-font-size-1024=\"530px\" data-font-size-768=\"530px\" data-font-size-680=\"70px\" data-horizontal-offset-1600=\"0px\" data-horizontal-offset-1366=\"0px\" data-horizontal-offset-1024=\"0px\" data-horizontal-offset-768=\"0px\" data-horizontal-offset-680=\"0px\" data-vertical-offset-1600=\"195px\" data-vertical-offset-1366=\"195px\" data-vertical-offset-1024=\"228px\" data-vertical-offset-768=\"228px\" data-vertical-offset-680=\"30px\">\n    <div class=\"eltdf-background-text-inner\">\n\t\t\u00c9v\u00e9nementiel &amp;R\u00e9ceptions    <\/div>\n<\/div>\n[\/vc_column][\/vc_row][vc_row row_content_width=&#8221;grid&#8221;][vc_column]<div class=\"eltdf-elements-holder   eltdf-two-columns  eltdf-responsive-mode-1024 \" ><div class=\"eltdf-eh-item    \"  data-item-class=\"eltdf-eh-custom-2678\" data-1367-1600=\"190px 111px 100px 0px\" data-1025-1366=\"180px 96px 100px 0\" data-769-1024=\"300px 0px 10px 0\" data-681-768=\"320px 0px 10px 0\" data-680=\"215px 0px 13px 0\">\n\t<div class=\"eltdf-eh-item-inner\">\n\t\t<div class=\"eltdf-eh-item-content eltdf-eh-custom-2678\" style=\"padding: 100px 111px 100px 0\">\n\t\t\t<div class=\"eltdf-single-image-holder   \">\n    <div class=\"eltdf-si-inner\" >\n                                    <img loading=\"lazy\" decoding=\"async\" width=\"800\" height=\"670\" src=\"https:\/\/www.akwascreation.com\/wp-content\/uploads\/2020\/04\/Evenement_Akwas.png\" class=\"attachment-full size-full\" alt=\"\" srcset=\"https:\/\/www.akwascreation.com\/wp-content\/uploads\/2020\/04\/Evenement_Akwas.png 800w, https:\/\/www.akwascreation.com\/wp-content\/uploads\/2020\/04\/Evenement_Akwas-300x251.png 300w, https:\/\/www.akwascreation.com\/wp-content\/uploads\/2020\/04\/Evenement_Akwas-768x643.png 768w\" sizes=\"(max-width: 800px) 100vw, 800px\" \/>                        <\/div>\n<\/div>\t\t<\/div>\n\t<\/div>\n<\/div><div class=\"eltdf-eh-item    \"  data-item-class=\"eltdf-eh-custom-3660\" data-1367-1600=\"89px 80px 196px 0px\" data-1025-1366=\"80px 7px 86px 0px\" data-769-1024=\"82px 140px 46px 0px\" data-681-768=\"82px 0px 0 0px\" data-680=\"82px 0px 46px 0px\">\n\t<div class=\"eltdf-eh-item-inner\">\n\t\t<div class=\"eltdf-eh-item-content eltdf-eh-custom-3660\" style=\"padding: 0 70px 196px 0px\">\n\t\t\t<div class=\"eltdf-section-title-holder  eltdf-st-standard eltdf-st-title-left eltdf-st-normal-space \" >\n\t<div class=\"eltdf-st-inner\">\n\t\t\t\t\t<h1 class=\"eltdf-st-title\" >\n\t\t\t\tOsez l'\u00e9v\u00e9nement autrement\t\t\t<\/h1>\n\t\t\t\t\t<\/div>\n<\/div>[vc_empty_space height=&#8221;38px&#8221;][vc_column_text]L\u2019organisation de vos r\u00e9ceptions, vos s\u00e9minaires ou de vos f\u00eates m\u00e9rite une attention particuli\u00e8re.<\/p>\n<p><strong><a href=\"http:\/\/www.akwascreation.com\/\">Akwas Cr\u00e9ation<\/a><\/strong> ne manque pas de cr\u00e9ativit\u00e9 pour faire en sorte que ces instants soient des moments inoubliables.<\/p>\n<p><strong><a href=\"http:\/\/www.akwascreation.com\/\">Akwas Cr\u00e9ation<\/a><\/strong> s\u2019occupera ainsi de l\u2019int\u00e9gralit\u00e9 de vos \u00e9v\u00e9nementiels en allant de la conception, passant par les pr\u00e9paratifs jusqu\u2019\u00e0 l&#8217;organisation logistique et mat\u00e9rielle.<\/p>\n<p><strong>Vos outils de communication \u00e9v\u00e9nementielle :<\/strong><\/p>\n<ul>\n<li>Soir\u00e9e entreprise<\/li>\n<li>S\u00e9minaire &amp; r\u00e9union<\/li>\n<li>Team building<\/li>\n<li>Animation ext\u00e9rieure<\/li>\n<\/ul>\n<p>[\/vc_column_text]\t\t<\/div>\n\t<\/div>\n<\/div><\/div>[\/vc_column][\/vc_row][vc_row row_content_width=&#8221;grid&#8221; css=&#8221;.vc_custom_1583945580524{padding-bottom: 30px !important;}&#8221;][vc_column offset=&#8221;vc_col-lg-5 vc_col-md-10&#8243; css=&#8221;.vc_custom_1583945596537{border-right-width: 1px !important;padding-right: 0px !important;}&#8221;]<div class=\"eltdf-elements-holder   eltdf-one-column  eltdf-responsive-mode-768 \" ><div class=\"eltdf-eh-item    \"  data-item-class=\"eltdf-eh-custom-1197\" data-680=\"0 20px 0 0\">\n\t<div class=\"eltdf-eh-item-inner\">\n\t\t<div class=\"eltdf-eh-item-content eltdf-eh-custom-1197\" style=\"padding: 0 0 0 0\">\n\t\t\t[vc_column_text]<\/p>\n<h5 style=\"margin-top: 19px;\"><strong>En bref !<\/strong><\/h5>\n<p>[\/vc_column_text][vc_empty_space height=&#8221;4px&#8221;][vc_column_text]Quel que soit votre type d\u2019\u00e9v\u00e9nement, <strong><a href=\"http:\/\/www.akwascreation.com\/\">Akwas Cr\u00e9ation<\/a><\/strong> vous accompagne pour cr\u00e9er des \u00e9v\u00e9nements innovants, en assurant une qualit\u00e9 \u00e9v\u00e9nementielle optimale.[\/vc_column_text]\t\t<\/div>\n\t<\/div>\n<\/div><\/div>[\/vc_column][vc_column offset=&#8221;vc_col-lg-offset-0 vc_col-lg-7 vc_col-md-offset-0 vc_col-md-12 vc_col-sm-offset-0&#8243;]<div class=\"eltdf-elements-holder   eltdf-one-column  eltdf-responsive-mode-768 \" ><div class=\"eltdf-eh-item    \"  data-item-class=\"eltdf-eh-custom-2831\" data-1367-1600=\"19px 0px 0 74px\" data-1025-1366=\"19px 0px 0 60px\" data-769-1024=\"19px 110px 0px 0px\" data-681-768=\"19px 0px 0px 0px\" data-680=\"19px 0px 0px 0px\">\n\t<div class=\"eltdf-eh-item-inner\">\n\t\t<div class=\"eltdf-eh-item-content eltdf-eh-custom-2831\" style=\"padding: 19px 0px 0 94px\">\n\t\t\t<div class=\"eltdf-image-gallery  eltdf-ig-carousel-type eltdf-three-columns eltdf-huge-space  \">\n\t<div class=\"eltdf-ig-slider eltdf-owl-slider\" data-number-of-items=\"1\" data-enable-loop=\"yes\" data-enable-autoplay=\"yes\" data-slider-speed=\"5000\" data-slider-speed-animation=\"600\" data-slider-padding=\"no\" data-enable-navigation=\"yes\" data-enable-pagination=\"no\">\n\t\t\t\t\t<div class=\"eltdf-ig-image\">\n\t\t\t\t\t\t\t\t\t<img loading=\"lazy\" decoding=\"async\" width=\"800\" height=\"484\" src=\"https:\/\/www.akwascreation.com\/wp-content\/uploads\/2020\/04\/Evenement_Akwas-1.jpg\" class=\"attachment-full size-full\" alt=\"\" srcset=\"https:\/\/www.akwascreation.com\/wp-content\/uploads\/2020\/04\/Evenement_Akwas-1.jpg 800w, https:\/\/www.akwascreation.com\/wp-content\/uploads\/2020\/04\/Evenement_Akwas-1-300x182.jpg 300w, https:\/\/www.akwascreation.com\/wp-content\/uploads\/2020\/04\/Evenement_Akwas-1-768x465.jpg 768w\" sizes=\"(max-width: 800px) 100vw, 800px\" \/>\t\t\t\t\t\t\t<\/div>\n\t\t\t\t\t<div class=\"eltdf-ig-image\">\n\t\t\t\t\t\t\t\t\t<img loading=\"lazy\" decoding=\"async\" width=\"800\" height=\"484\" src=\"https:\/\/www.akwascreation.com\/wp-content\/uploads\/2020\/04\/Evenement_Akwas-2.jpg\" class=\"attachment-full size-full\" alt=\"\" srcset=\"https:\/\/www.akwascreation.com\/wp-content\/uploads\/2020\/04\/Evenement_Akwas-2.jpg 800w, https:\/\/www.akwascreation.com\/wp-content\/uploads\/2020\/04\/Evenement_Akwas-2-300x182.jpg 300w, https:\/\/www.akwascreation.com\/wp-content\/uploads\/2020\/04\/Evenement_Akwas-2-768x465.jpg 768w\" sizes=\"(max-width: 800px) 100vw, 800px\" \/>\t\t\t\t\t\t\t<\/div>\n\t\t\t\t\t<div class=\"eltdf-ig-image\">\n\t\t\t\t\t\t\t\t\t<img loading=\"lazy\" decoding=\"async\" width=\"800\" height=\"484\" src=\"https:\/\/www.akwascreation.com\/wp-content\/uploads\/2020\/04\/Evenement_Akwas-3.jpg\" class=\"attachment-full size-full\" alt=\"\" srcset=\"https:\/\/www.akwascreation.com\/wp-content\/uploads\/2020\/04\/Evenement_Akwas-3.jpg 800w, https:\/\/www.akwascreation.com\/wp-content\/uploads\/2020\/04\/Evenement_Akwas-3-300x182.jpg 300w, https:\/\/www.akwascreation.com\/wp-content\/uploads\/2020\/04\/Evenement_Akwas-3-768x465.jpg 768w\" sizes=\"(max-width: 800px) 100vw, 800px\" \/>\t\t\t\t\t\t\t<\/div>\n\t\t\t<\/div>\n<\/div>\t\t<\/div>\n\t<\/div>\n<\/div><\/div>[\/vc_column][\/vc_row]<\/p>\n","protected":false},"excerpt":{"rendered":"<p>[vc_row css=&#8221;.vc_custom_1593338596853{padding-right: 5% !important;padding-left: 5% !important;}&#8221;][vc_column][\/vc_column][\/vc_row][vc_row row_content_width=&#8221;grid&#8221;][vc_column][\/vc_column][\/vc_row][vc_row row_content_width=&#8221;grid&#8221; css=&#8221;.vc_custom_1583945580524{padding-bottom: 30px !important;}&#8221;][vc_column offset=&#8221;vc_col-lg-5 vc_col-md-10&#8243; css=&#8221;.vc_custom_1583945596537{border-right-width: 1px !important;padding-right: 0px !important;}&#8221;][\/vc_column][vc_column offset=&#8221;vc_col-lg-offset-0 vc_col-lg-7 vc_col-md-offset-0 vc_col-md-12 vc_col-sm-offset-0&#8243;][\/vc_column][\/vc_row]<\/p>\n","protected":false},"author":1,"featured_media":0,"parent":0,"menu_order":0,"comment_status":"closed","ping_status":"closed","template":"full-width.php","meta":{"footnotes":""},"class_list":["post-4967","page","type-page","status-publish","hentry"],"yoast_head":"<!-- This site is optimized with the Yoast SEO plugin v23.6 - https:\/\/yoast.com\/wordpress\/plugins\/seo\/ -->\n<title>\u00c9v\u00e9nementiel &amp; R\u00e9ceptions - Akwas Creation<\/title>\n<meta name=\"robots\" content=\"index, follow, max-snippet:-1, max-image-preview:large, max-video-preview:-1\" \/>\n<link rel=\"canonical\" href=\"https:\/\/www.akwascreation.com\/index.php\/evenementiel-receptions\/\" \/>\n<meta property=\"og:locale\" content=\"fr_FR\" \/>\n<meta property=\"og:type\" content=\"article\" \/>\n<meta property=\"og:title\" content=\"\u00c9v\u00e9nementiel &amp; R\u00e9ceptions - Akwas Creation\" \/>\n<meta property=\"og:description\" content=\"[vc_row css=&#8221;.vc_custom_1593338596853{padding-right: 5% !important;padding-left: 5% !important;}&#8221;][vc_column][\/vc_column][\/vc_row][vc_row row_content_width=&#8221;grid&#8221;][vc_column][\/vc_column][\/vc_row][vc_row row_content_width=&#8221;grid&#8221; css=&#8221;.vc_custom_1583945580524{padding-bottom: 30px !important;}&#8221;][vc_column offset=&#8221;vc_col-lg-5 vc_col-md-10&#8243; css=&#8221;.vc_custom_1583945596537{border-right-width: 1px !important;padding-right: 0px !important;}&#8221;][\/vc_column][vc_column offset=&#8221;vc_col-lg-offset-0 vc_col-lg-7 vc_col-md-offset-0 vc_col-md-12 vc_col-sm-offset-0&#8243;][\/vc_column][\/vc_row]\" \/>\n<meta property=\"og:url\" content=\"https:\/\/www.akwascreation.com\/index.php\/evenementiel-receptions\/\" \/>\n<meta property=\"og:site_name\" content=\"Akwas Creation\" \/>\n<meta property=\"article:modified_time\" content=\"2020-07-03T11:45:01+00:00\" \/>\n<meta name=\"twitter:card\" content=\"summary_large_image\" \/>\n<meta name=\"twitter:label1\" content=\"Dur\u00e9e de lecture estim\u00e9e\" \/>\n\t<meta name=\"twitter:data1\" content=\"3 minutes\" \/>\n<script type=\"application\/ld+json\" class=\"yoast-schema-graph\">{\"@context\":\"https:\/\/schema.org\",\"@graph\":[{\"@type\":\"WebPage\",\"@id\":\"https:\/\/www.akwascreation.com\/index.php\/evenementiel-receptions\/\",\"url\":\"https:\/\/www.akwascreation.com\/index.php\/evenementiel-receptions\/\",\"name\":\"\u00c9v\u00e9nementiel & R\u00e9ceptions - Akwas Creation\",\"isPartOf\":{\"@id\":\"https:\/\/www.akwascreation.com\/#website\"},\"datePublished\":\"2020-03-12T09:10:08+00:00\",\"dateModified\":\"2020-07-03T11:45:01+00:00\",\"breadcrumb\":{\"@id\":\"https:\/\/www.akwascreation.com\/index.php\/evenementiel-receptions\/#breadcrumb\"},\"inLanguage\":\"fr-FR\",\"potentialAction\":[{\"@type\":\"ReadAction\",\"target\":[\"https:\/\/www.akwascreation.com\/index.php\/evenementiel-receptions\/\"]}]},{\"@type\":\"BreadcrumbList\",\"@id\":\"https:\/\/www.akwascreation.com\/index.php\/evenementiel-receptions\/#breadcrumb\",\"itemListElement\":[{\"@type\":\"ListItem\",\"position\":1,\"name\":\"Accueil\",\"item\":\"https:\/\/www.akwascreation.com\/\"},{\"@type\":\"ListItem\",\"position\":2,\"name\":\"\u00c9v\u00e9nementiel &#038; R\u00e9ceptions\"}]},{\"@type\":\"WebSite\",\"@id\":\"https:\/\/www.akwascreation.com\/#website\",\"url\":\"https:\/\/www.akwascreation.com\/\",\"name\":\"Akwas Creation\",\"description\":\"Agence de communication \u00e0 Rabat Maroc\",\"potentialAction\":[{\"@type\":\"SearchAction\",\"target\":{\"@type\":\"EntryPoint\",\"urlTemplate\":\"https:\/\/www.akwascreation.com\/?s={search_term_string}\"},\"query-input\":{\"@type\":\"PropertyValueSpecification\",\"valueRequired\":true,\"valueName\":\"search_term_string\"}}],\"inLanguage\":\"fr-FR\"}]}<\/script>\n<!-- \/ Yoast SEO plugin. -->","yoast_head_json":{"title":"\u00c9v\u00e9nementiel & R\u00e9ceptions - Akwas Creation","robots":{"index":"index","follow":"follow","max-snippet":"max-snippet:-1","max-image-preview":"max-image-preview:large","max-video-preview":"max-video-preview:-1"},"canonical":"https:\/\/www.akwascreation.com\/index.php\/evenementiel-receptions\/","og_locale":"fr_FR","og_type":"article","og_title":"\u00c9v\u00e9nementiel & R\u00e9ceptions - Akwas Creation","og_description":"[vc_row css=&#8221;.vc_custom_1593338596853{padding-right: 5% !important;padding-left: 5% !important;}&#8221;][vc_column][\/vc_column][\/vc_row][vc_row row_content_width=&#8221;grid&#8221;][vc_column][\/vc_column][\/vc_row][vc_row row_content_width=&#8221;grid&#8221; css=&#8221;.vc_custom_1583945580524{padding-bottom: 30px !important;}&#8221;][vc_column offset=&#8221;vc_col-lg-5 vc_col-md-10&#8243; css=&#8221;.vc_custom_1583945596537{border-right-width: 1px !important;padding-right: 0px !important;}&#8221;][\/vc_column][vc_column offset=&#8221;vc_col-lg-offset-0 vc_col-lg-7 vc_col-md-offset-0 vc_col-md-12 vc_col-sm-offset-0&#8243;][\/vc_column][\/vc_row]","og_url":"https:\/\/www.akwascreation.com\/index.php\/evenementiel-receptions\/","og_site_name":"Akwas Creation","article_modified_time":"2020-07-03T11:45:01+00:00","twitter_card":"summary_large_image","twitter_misc":{"Dur\u00e9e de lecture estim\u00e9e":"3 minutes"},"schema":{"@context":"https:\/\/schema.org","@graph":[{"@type":"WebPage","@id":"https:\/\/www.akwascreation.com\/index.php\/evenementiel-receptions\/","url":"https:\/\/www.akwascreation.com\/index.php\/evenementiel-receptions\/","name":"\u00c9v\u00e9nementiel & R\u00e9ceptions - Akwas Creation","isPartOf":{"@id":"https:\/\/www.akwascreation.com\/#website"},"datePublished":"2020-03-12T09:10:08+00:00","dateModified":"2020-07-03T11:45:01+00:00","breadcrumb":{"@id":"https:\/\/www.akwascreation.com\/index.php\/evenementiel-receptions\/#breadcrumb"},"inLanguage":"fr-FR","potentialAction":[{"@type":"ReadAction","target":["https:\/\/www.akwascreation.com\/index.php\/evenementiel-receptions\/"]}]},{"@type":"BreadcrumbList","@id":"https:\/\/www.akwascreation.com\/index.php\/evenementiel-receptions\/#breadcrumb","itemListElement":[{"@type":"ListItem","position":1,"name":"Accueil","item":"https:\/\/www.akwascreation.com\/"},{"@type":"ListItem","position":2,"name":"\u00c9v\u00e9nementiel &#038; R\u00e9ceptions"}]},{"@type":"WebSite","@id":"https:\/\/www.akwascreation.com\/#website","url":"https:\/\/www.akwascreation.com\/","name":"Akwas Creation","description":"Agence de communication \u00e0 Rabat Maroc","potentialAction":[{"@type":"SearchAction","target":{"@type":"EntryPoint","urlTemplate":"https:\/\/www.akwascreation.com\/?s={search_term_string}"},"query-input":{"@type":"PropertyValueSpecification","valueRequired":true,"valueName":"search_term_string"}}],"inLanguage":"fr-FR"}]}},"_links":{"self":[{"href":"https:\/\/www.akwascreation.com\/index.php\/wp-json\/wp\/v2\/pages\/4967"}],"collection":[{"href":"https:\/\/www.akwascreation.com\/index.php\/wp-json\/wp\/v2\/pages"}],"about":[{"href":"https:\/\/www.akwascreation.com\/index.php\/wp-json\/wp\/v2\/types\/page"}],"author":[{"embeddable":true,"href":"https:\/\/www.akwascreation.com\/index.php\/wp-json\/wp\/v2\/users\/1"}],"replies":[{"embeddable":true,"href":"https:\/\/www.akwascreation.com\/index.php\/wp-json\/wp\/v2\/comments?post=4967"}],"version-history":[{"count":9,"href":"https:\/\/www.akwascreation.com\/index.php\/wp-json\/wp\/v2\/pages\/4967\/revisions"}],"predecessor-version":[{"id":6053,"href":"https:\/\/www.akwascreation.com\/index.php\/wp-json\/wp\/v2\/pages\/4967\/revisions\/6053"}],"wp:attachment":[{"href":"https:\/\/www.akwascreation.com\/index.php\/wp-json\/wp\/v2\/media?parent=4967"}],"curies":[{"name":"wp","href":"https:\/\/api.w.org\/{rel}","templated":true}]}}