{"id":5362,"date":"2018-10-30T14:26:43","date_gmt":"2018-10-30T13:26:43","guid":{"rendered":"http:\/\/www.akwascreation.com\/index.php\/portfolio_com-3\/"},"modified":"2020-05-05T18:31:46","modified_gmt":"2020-05-05T16:31:46","slug":"portfolio_event","status":"publish","type":"page","link":"https:\/\/www.akwascreation.com\/index.php\/portfolio_event\/","title":{"rendered":"Event"},"content":{"rendered":"<p>[vc_row row_content_width=&#8221;grid&#8221;][vc_column][vc_column_text]<\/p>\n<h4>Portfolio \u00e9v\u00e9nementiel<\/h4>\n<div>Agence d&#8217;\u00e9v\u00e9nementiel Rabat Maroc &#8211; Organisation \u00e9v\u00e9nements et s\u00e9minaires &#8211; Diner de Gala &#8211; Team Building &#8211; Lancement de produit &#8211; Animation salon &amp; stand &#8211; Anniversaire d\u2019entreprises &#8211; Animation commerciale &#8211; Assembl\u00e9e g\u00e9n\u00e9rale &#8211; Street Marketing &#8211; Inauguration &#8230;<\/div>\n<p>[\/vc_column_text][vc_empty_space]<div class=\"eltdf-portfolio-list-holder eltdf-grid-list eltdf-grid-masonry-list eltdf-disable-bottom-space eltdf-pl-masonry eltdf-four-columns eltdf-small-space eltdf-pl-overlay-change-cursor eltdf-fixed-masonry-items   eltdf-pl-pag-standard  eltdf-pl-has-animation eltdf-pl-has-parallax   \"  data-type=masonry data-item-type=gallery data-number-of-columns=four data-space-between-items=small data-number-of-items=-1 data-image-proportions=full data-enable-fixed-proportions=yes data-enable-image-shadow=no data-category=event data-orderby=title data-order=ASC data-item-style=overlay-change-cursor data-enable-title=yes data-title-tag=h4 data-enable-category=yes data-pagination-type=standard data-filter=no data-filter-order-by=name data-enable-article-animation=yes data-enable-article-parallax=yes data-portfolio-slider-on=no data-enable-loop=yes data-enable-autoplay=yes data-slider-speed=5000 data-slider-speed-animation=600 data-enable-navigation=yes data-enable-pagination=yes data-max-num-pages=0 data-next-page=2>\n\t\t<div class=\"eltdf-pl-inner eltdf-outer-space eltdf-masonry-list-wrapper clearfix\">\n\t\t<div class=\"eltdf-masonry-grid-sizer\"><\/div>\n\t\t<div class=\"eltdf-masonry-grid-gutter\"><\/div>\n\t\t<article class=\"eltdf-pl-item eltdf-item-space eltdf-masonry-size-large-width-height  post-5458 portfolio-item type-portfolio-item status-publish has-post-thumbnail hentry portfolio-category-event portfolio-tag-event\">\n\t<div class=\"eltdf-pl-item-inner\">\n\t\t<div class=\"eltdf-pli-image\">\n\t<img loading=\"lazy\" decoding=\"async\" width=\"800\" height=\"800\" src=\"https:\/\/www.akwascreation.com\/wp-content\/uploads\/2020\/03\/port-parllax-1-2.jpg\" class=\"attachment-amedeo_elated_image_huge size-amedeo_elated_image_huge wp-post-image\" alt=\"\" srcset=\"https:\/\/www.akwascreation.com\/wp-content\/uploads\/2020\/03\/port-parllax-1-2.jpg 800w, https:\/\/www.akwascreation.com\/wp-content\/uploads\/2020\/03\/port-parllax-1-2-300x300.jpg 300w, https:\/\/www.akwascreation.com\/wp-content\/uploads\/2020\/03\/port-parllax-1-2-150x150.jpg 150w, https:\/\/www.akwascreation.com\/wp-content\/uploads\/2020\/03\/port-parllax-1-2-768x768.jpg 768w, https:\/\/www.akwascreation.com\/wp-content\/uploads\/2020\/03\/port-parllax-1-2-650x650.jpg 650w\" sizes=\"(max-width: 800px) 100vw, 800px\" \/><\/div>\t\t\n\t\t\t<\/div>\n<\/article><article class=\"eltdf-pl-item eltdf-item-space  post-5476 portfolio-item type-portfolio-item status-publish has-post-thumbnail hentry portfolio-category-event portfolio-tag-event\">\n\t<div class=\"eltdf-pl-item-inner\">\n\t\t<div class=\"eltdf-pli-image\">\n\t<img loading=\"lazy\" decoding=\"async\" width=\"650\" height=\"650\" src=\"https:\/\/www.akwascreation.com\/wp-content\/uploads\/2020\/03\/port-parllax-2-650x650-3.jpg\" class=\"attachment-full size-full wp-post-image\" alt=\"\" srcset=\"https:\/\/www.akwascreation.com\/wp-content\/uploads\/2020\/03\/port-parllax-2-650x650-3.jpg 650w, https:\/\/www.akwascreation.com\/wp-content\/uploads\/2020\/03\/port-parllax-2-650x650-3-300x300.jpg 300w, https:\/\/www.akwascreation.com\/wp-content\/uploads\/2020\/03\/port-parllax-2-650x650-3-150x150.jpg 150w\" sizes=\"(max-width: 650px) 100vw, 650px\" \/><\/div>\t\t\n\t\t\t<\/div>\n<\/article><article class=\"eltdf-pl-item eltdf-item-space  post-5477 portfolio-item type-portfolio-item status-publish has-post-thumbnail hentry portfolio-category-event portfolio-tag-event\">\n\t<div class=\"eltdf-pl-item-inner\">\n\t\t<div class=\"eltdf-pli-image\">\n\t<img loading=\"lazy\" decoding=\"async\" width=\"650\" height=\"1300\" src=\"https:\/\/www.akwascreation.com\/wp-content\/uploads\/2020\/03\/port-parllax-3-650x1300-3.jpg\" class=\"attachment-full size-full wp-post-image\" alt=\"\" srcset=\"https:\/\/www.akwascreation.com\/wp-content\/uploads\/2020\/03\/port-parllax-3-650x1300-3.jpg 650w, https:\/\/www.akwascreation.com\/wp-content\/uploads\/2020\/03\/port-parllax-3-650x1300-3-150x300.jpg 150w, https:\/\/www.akwascreation.com\/wp-content\/uploads\/2020\/03\/port-parllax-3-650x1300-3-512x1024.jpg 512w\" sizes=\"(max-width: 650px) 100vw, 650px\" \/><\/div>\t\t\n\t\t\t<\/div>\n<\/article><article class=\"eltdf-pl-item eltdf-item-space  post-5478 portfolio-item type-portfolio-item status-publish has-post-thumbnail hentry portfolio-category-event portfolio-tag-event\">\n\t<div class=\"eltdf-pl-item-inner\">\n\t\t<div class=\"eltdf-pli-image\">\n\t<img loading=\"lazy\" decoding=\"async\" width=\"650\" height=\"1300\" src=\"https:\/\/www.akwascreation.com\/wp-content\/uploads\/2020\/03\/port-parllax-5-2.jpg\" class=\"attachment-full size-full wp-post-image\" alt=\"\" srcset=\"https:\/\/www.akwascreation.com\/wp-content\/uploads\/2020\/03\/port-parllax-5-2.jpg 650w, https:\/\/www.akwascreation.com\/wp-content\/uploads\/2020\/03\/port-parllax-5-2-150x300.jpg 150w, https:\/\/www.akwascreation.com\/wp-content\/uploads\/2020\/03\/port-parllax-5-2-512x1024.jpg 512w\" sizes=\"(max-width: 650px) 100vw, 650px\" \/><\/div>\t\t\n\t\t\t<\/div>\n<\/article><article class=\"eltdf-pl-item eltdf-item-space  post-5479 portfolio-item type-portfolio-item status-publish has-post-thumbnail hentry portfolio-category-event portfolio-tag-event\">\n\t<div class=\"eltdf-pl-item-inner\">\n\t\t<div class=\"eltdf-pli-image\">\n\t<img loading=\"lazy\" decoding=\"async\" width=\"650\" height=\"650\" src=\"https:\/\/www.akwascreation.com\/wp-content\/uploads\/2020\/03\/port-parllax-6-650x650-3.jpg\" class=\"attachment-full size-full wp-post-image\" alt=\"\" srcset=\"https:\/\/www.akwascreation.com\/wp-content\/uploads\/2020\/03\/port-parllax-6-650x650-3.jpg 650w, https:\/\/www.akwascreation.com\/wp-content\/uploads\/2020\/03\/port-parllax-6-650x650-3-300x300.jpg 300w, https:\/\/www.akwascreation.com\/wp-content\/uploads\/2020\/03\/port-parllax-6-650x650-3-150x150.jpg 150w\" sizes=\"(max-width: 650px) 100vw, 650px\" \/><\/div>\t\t\n\t\t\t<\/div>\n<\/article><article class=\"eltdf-pl-item eltdf-item-space  post-5480 portfolio-item type-portfolio-item status-publish has-post-thumbnail hentry portfolio-category-event portfolio-tag-event\">\n\t<div class=\"eltdf-pl-item-inner\">\n\t\t<div class=\"eltdf-pli-image\">\n\t<img loading=\"lazy\" decoding=\"async\" width=\"650\" height=\"650\" src=\"https:\/\/www.akwascreation.com\/wp-content\/uploads\/2020\/03\/port-parllax-14-650x650-3.jpg\" class=\"attachment-full size-full wp-post-image\" alt=\"\" srcset=\"https:\/\/www.akwascreation.com\/wp-content\/uploads\/2020\/03\/port-parllax-14-650x650-3.jpg 650w, https:\/\/www.akwascreation.com\/wp-content\/uploads\/2020\/03\/port-parllax-14-650x650-3-300x300.jpg 300w, https:\/\/www.akwascreation.com\/wp-content\/uploads\/2020\/03\/port-parllax-14-650x650-3-150x150.jpg 150w\" sizes=\"(max-width: 650px) 100vw, 650px\" \/><\/div>\t\t\n\t\t\t<\/div>\n<\/article><article class=\"eltdf-pl-item eltdf-item-space  post-5481 portfolio-item type-portfolio-item status-publish has-post-thumbnail hentry portfolio-category-event portfolio-tag-event\">\n\t<div class=\"eltdf-pl-item-inner\">\n\t\t<div class=\"eltdf-pli-image\">\n\t<img loading=\"lazy\" decoding=\"async\" width=\"650\" height=\"1300\" src=\"https:\/\/www.akwascreation.com\/wp-content\/uploads\/2020\/03\/port-parllax-4-650x1300-3.jpg\" class=\"attachment-full size-full wp-post-image\" alt=\"\" srcset=\"https:\/\/www.akwascreation.com\/wp-content\/uploads\/2020\/03\/port-parllax-4-650x1300-3.jpg 650w, https:\/\/www.akwascreation.com\/wp-content\/uploads\/2020\/03\/port-parllax-4-650x1300-3-150x300.jpg 150w, https:\/\/www.akwascreation.com\/wp-content\/uploads\/2020\/03\/port-parllax-4-650x1300-3-512x1024.jpg 512w\" sizes=\"(max-width: 650px) 100vw, 650px\" \/><\/div>\t\t\n\t\t\t<\/div>\n<\/article><article class=\"eltdf-pl-item eltdf-item-space eltdf-masonry-size-large-width-height  post-5482 portfolio-item type-portfolio-item status-publish has-post-thumbnail hentry portfolio-category-event portfolio-tag-event\">\n\t<div class=\"eltdf-pl-item-inner\">\n\t\t<div class=\"eltdf-pli-image\">\n\t<img loading=\"lazy\" decoding=\"async\" width=\"800\" height=\"800\" src=\"https:\/\/www.akwascreation.com\/wp-content\/uploads\/2020\/03\/port-parllax-9-2.jpg\" class=\"attachment-amedeo_elated_image_huge size-amedeo_elated_image_huge wp-post-image\" alt=\"\" srcset=\"https:\/\/www.akwascreation.com\/wp-content\/uploads\/2020\/03\/port-parllax-9-2.jpg 800w, https:\/\/www.akwascreation.com\/wp-content\/uploads\/2020\/03\/port-parllax-9-2-300x300.jpg 300w, https:\/\/www.akwascreation.com\/wp-content\/uploads\/2020\/03\/port-parllax-9-2-150x150.jpg 150w, https:\/\/www.akwascreation.com\/wp-content\/uploads\/2020\/03\/port-parllax-9-2-768x768.jpg 768w, https:\/\/www.akwascreation.com\/wp-content\/uploads\/2020\/03\/port-parllax-9-2-650x650.jpg 650w\" sizes=\"(max-width: 800px) 100vw, 800px\" \/><\/div>\t\t\n\t\t\t<\/div>\n<\/article><article class=\"eltdf-pl-item eltdf-item-space  post-5483 portfolio-item type-portfolio-item status-publish has-post-thumbnail hentry portfolio-category-event portfolio-tag-event\">\n\t<div class=\"eltdf-pl-item-inner\">\n\t\t<div class=\"eltdf-pli-image\">\n\t<img loading=\"lazy\" decoding=\"async\" width=\"630\" height=\"1261\" src=\"https:\/\/www.akwascreation.com\/wp-content\/uploads\/2020\/03\/metro-portfolio-ev.jpg\" class=\"attachment-full size-full wp-post-image\" alt=\"\" srcset=\"https:\/\/www.akwascreation.com\/wp-content\/uploads\/2020\/03\/metro-portfolio-ev.jpg 630w, https:\/\/www.akwascreation.com\/wp-content\/uploads\/2020\/03\/metro-portfolio-ev-150x300.jpg 150w, https:\/\/www.akwascreation.com\/wp-content\/uploads\/2020\/03\/metro-portfolio-ev-512x1024.jpg 512w\" sizes=\"(max-width: 630px) 100vw, 630px\" \/><\/div>\t\t\n\t\t\t<\/div>\n<\/article><article class=\"eltdf-pl-item eltdf-item-space  post-5484 portfolio-item type-portfolio-item status-publish has-post-thumbnail hentry portfolio-category-event portfolio-tag-event\">\n\t<div class=\"eltdf-pl-item-inner\">\n\t\t<div class=\"eltdf-pli-image\">\n\t<img loading=\"lazy\" decoding=\"async\" width=\"650\" height=\"650\" src=\"https:\/\/www.akwascreation.com\/wp-content\/uploads\/2020\/03\/port-parllax-18-650x650-3.jpg\" class=\"attachment-full size-full wp-post-image\" alt=\"\" srcset=\"https:\/\/www.akwascreation.com\/wp-content\/uploads\/2020\/03\/port-parllax-18-650x650-3.jpg 650w, https:\/\/www.akwascreation.com\/wp-content\/uploads\/2020\/03\/port-parllax-18-650x650-3-300x300.jpg 300w, https:\/\/www.akwascreation.com\/wp-content\/uploads\/2020\/03\/port-parllax-18-650x650-3-150x150.jpg 150w\" sizes=\"(max-width: 650px) 100vw, 650px\" \/><\/div>\t\t\n\t\t\t<\/div>\n<\/article><article class=\"eltdf-pl-item eltdf-item-space  post-5485 portfolio-item type-portfolio-item status-publish has-post-thumbnail hentry portfolio-category-event portfolio-tag-event\">\n\t<div class=\"eltdf-pl-item-inner\">\n\t\t<div class=\"eltdf-pli-image\">\n\t<img loading=\"lazy\" decoding=\"async\" width=\"650\" height=\"650\" src=\"https:\/\/www.akwascreation.com\/wp-content\/uploads\/2020\/03\/port-parllax-11-650x650-3.jpg\" class=\"attachment-full size-full wp-post-image\" alt=\"\" srcset=\"https:\/\/www.akwascreation.com\/wp-content\/uploads\/2020\/03\/port-parllax-11-650x650-3.jpg 650w, https:\/\/www.akwascreation.com\/wp-content\/uploads\/2020\/03\/port-parllax-11-650x650-3-300x300.jpg 300w, https:\/\/www.akwascreation.com\/wp-content\/uploads\/2020\/03\/port-parllax-11-650x650-3-150x150.jpg 150w\" sizes=\"(max-width: 650px) 100vw, 650px\" \/><\/div>\t\t\n\t\t\t<\/div>\n<\/article><article class=\"eltdf-pl-item eltdf-item-space  post-5486 portfolio-item type-portfolio-item status-publish has-post-thumbnail hentry portfolio-category-event portfolio-tag-event\">\n\t<div class=\"eltdf-pl-item-inner\">\n\t\t<div class=\"eltdf-pli-image\">\n\t<img loading=\"lazy\" decoding=\"async\" width=\"650\" height=\"1300\" src=\"https:\/\/www.akwascreation.com\/wp-content\/uploads\/2020\/03\/port-parllax-12-650x1300-3.jpg\" class=\"attachment-full size-full wp-post-image\" alt=\"\" srcset=\"https:\/\/www.akwascreation.com\/wp-content\/uploads\/2020\/03\/port-parllax-12-650x1300-3.jpg 650w, https:\/\/www.akwascreation.com\/wp-content\/uploads\/2020\/03\/port-parllax-12-650x1300-3-150x300.jpg 150w, https:\/\/www.akwascreation.com\/wp-content\/uploads\/2020\/03\/port-parllax-12-650x1300-3-512x1024.jpg 512w\" sizes=\"(max-width: 650px) 100vw, 650px\" \/><\/div>\t\t\n\t\t\t<\/div>\n<\/article><article class=\"eltdf-pl-item eltdf-item-space  post-5487 portfolio-item type-portfolio-item status-publish has-post-thumbnail hentry portfolio-category-event portfolio-tag-event\">\n\t<div class=\"eltdf-pl-item-inner\">\n\t\t<div class=\"eltdf-pli-image\">\n\t<img loading=\"lazy\" decoding=\"async\" width=\"650\" height=\"1300\" src=\"https:\/\/www.akwascreation.com\/wp-content\/uploads\/2020\/03\/port-parllax-6-2.jpg\" class=\"attachment-full size-full wp-post-image\" alt=\"\" srcset=\"https:\/\/www.akwascreation.com\/wp-content\/uploads\/2020\/03\/port-parllax-6-2.jpg 650w, https:\/\/www.akwascreation.com\/wp-content\/uploads\/2020\/03\/port-parllax-6-2-150x300.jpg 150w, https:\/\/www.akwascreation.com\/wp-content\/uploads\/2020\/03\/port-parllax-6-2-512x1024.jpg 512w\" sizes=\"(max-width: 650px) 100vw, 650px\" \/><\/div>\t\t\n\t\t\t<\/div>\n<\/article><article class=\"eltdf-pl-item eltdf-item-space  post-5488 portfolio-item type-portfolio-item status-publish has-post-thumbnail hentry portfolio-category-event portfolio-tag-event\">\n\t<div class=\"eltdf-pl-item-inner\">\n\t\t<div class=\"eltdf-pli-image\">\n\t<img loading=\"lazy\" decoding=\"async\" width=\"650\" height=\"650\" src=\"https:\/\/www.akwascreation.com\/wp-content\/uploads\/2020\/03\/port-parllax-10-650x650-3.jpg\" class=\"attachment-full size-full wp-post-image\" alt=\"\" srcset=\"https:\/\/www.akwascreation.com\/wp-content\/uploads\/2020\/03\/port-parllax-10-650x650-3.jpg 650w, https:\/\/www.akwascreation.com\/wp-content\/uploads\/2020\/03\/port-parllax-10-650x650-3-300x300.jpg 300w, https:\/\/www.akwascreation.com\/wp-content\/uploads\/2020\/03\/port-parllax-10-650x650-3-150x150.jpg 150w\" sizes=\"(max-width: 650px) 100vw, 650px\" \/><\/div>\t\t\n\t\t\t<\/div>\n<\/article><article class=\"eltdf-pl-item eltdf-item-space eltdf-masonry-size-large-width-height  post-5489 portfolio-item type-portfolio-item status-publish has-post-thumbnail hentry portfolio-category-event portfolio-tag-event\">\n\t<div class=\"eltdf-pl-item-inner\">\n\t\t<div class=\"eltdf-pli-image\">\n\t<img loading=\"lazy\" decoding=\"async\" width=\"780\" height=\"780\" src=\"https:\/\/www.akwascreation.com\/wp-content\/uploads\/2020\/03\/port-parllax-15-M.jpg\" class=\"attachment-amedeo_elated_image_huge size-amedeo_elated_image_huge wp-post-image\" alt=\"\" srcset=\"https:\/\/www.akwascreation.com\/wp-content\/uploads\/2020\/03\/port-parllax-15-M.jpg 780w, https:\/\/www.akwascreation.com\/wp-content\/uploads\/2020\/03\/port-parllax-15-M-300x300.jpg 300w, https:\/\/www.akwascreation.com\/wp-content\/uploads\/2020\/03\/port-parllax-15-M-150x150.jpg 150w, https:\/\/www.akwascreation.com\/wp-content\/uploads\/2020\/03\/port-parllax-15-M-768x768.jpg 768w, https:\/\/www.akwascreation.com\/wp-content\/uploads\/2020\/03\/port-parllax-15-M-650x650.jpg 650w\" sizes=\"(max-width: 780px) 100vw, 780px\" \/><\/div>\t\t\n\t\t\t<\/div>\n<\/article><article class=\"eltdf-pl-item eltdf-item-space  post-5490 portfolio-item type-portfolio-item status-publish has-post-thumbnail hentry portfolio-category-event portfolio-tag-event\">\n\t<div class=\"eltdf-pl-item-inner\">\n\t\t<div class=\"eltdf-pli-image\">\n\t<img loading=\"lazy\" decoding=\"async\" width=\"650\" height=\"650\" src=\"https:\/\/www.akwascreation.com\/wp-content\/uploads\/2020\/03\/port-parllax-16-650x650-3.jpg\" class=\"attachment-full size-full wp-post-image\" alt=\"\" srcset=\"https:\/\/www.akwascreation.com\/wp-content\/uploads\/2020\/03\/port-parllax-16-650x650-3.jpg 650w, https:\/\/www.akwascreation.com\/wp-content\/uploads\/2020\/03\/port-parllax-16-650x650-3-300x300.jpg 300w, https:\/\/www.akwascreation.com\/wp-content\/uploads\/2020\/03\/port-parllax-16-650x650-3-150x150.jpg 150w\" sizes=\"(max-width: 650px) 100vw, 650px\" \/><\/div>\t\t\n\t\t\t<\/div>\n<\/article><article class=\"eltdf-pl-item eltdf-item-space  post-5491 portfolio-item type-portfolio-item status-publish has-post-thumbnail hentry portfolio-category-event portfolio-tag-event\">\n\t<div class=\"eltdf-pl-item-inner\">\n\t\t<div class=\"eltdf-pli-image\">\n\t<img loading=\"lazy\" decoding=\"async\" width=\"650\" height=\"650\" src=\"https:\/\/www.akwascreation.com\/wp-content\/uploads\/2020\/03\/port-parllax-17-650x650-3.jpg\" class=\"attachment-full size-full wp-post-image\" alt=\"\" srcset=\"https:\/\/www.akwascreation.com\/wp-content\/uploads\/2020\/03\/port-parllax-17-650x650-3.jpg 650w, https:\/\/www.akwascreation.com\/wp-content\/uploads\/2020\/03\/port-parllax-17-650x650-3-300x300.jpg 300w, https:\/\/www.akwascreation.com\/wp-content\/uploads\/2020\/03\/port-parllax-17-650x650-3-150x150.jpg 150w\" sizes=\"(max-width: 650px) 100vw, 650px\" \/><\/div>\t\t\n\t\t\t<\/div>\n<\/article>\t<\/div>\n\t\n\t<\/div>[vc_empty_space][\/vc_column][\/vc_row]<\/p>\n","protected":false},"excerpt":{"rendered":"<p>[vc_row row_content_width=&#8221;grid&#8221;][vc_column][vc_column_text] Portfolio \u00e9v\u00e9nementiel Agence d&#8217;\u00e9v\u00e9nementiel Rabat Maroc &#8211; Organisation \u00e9v\u00e9nements et s\u00e9minaires &#8211; Diner de Gala &#8211; Team Building &#8211; Lancement de produit &#8211; Animation salon &amp; stand &#8211; Anniversaire d\u2019entreprises &#8211; Animation commerciale &#8211; Assembl\u00e9e g\u00e9n\u00e9rale &#8211; Street Marketing &#8211; Inauguration &#8230; [\/vc_column_text][vc_empty_space][vc_empty_space][\/vc_column][\/vc_row]<\/p>\n","protected":false},"author":1,"featured_media":0,"parent":0,"menu_order":0,"comment_status":"closed","ping_status":"closed","template":"full-width.php","meta":{"footnotes":""},"class_list":["post-5362","page","type-page","status-publish","hentry"],"yoast_head":"<!-- This site is optimized with the Yoast SEO plugin v23.6 - https:\/\/yoast.com\/wordpress\/plugins\/seo\/ -->\n<title>Event - Akwas Creation<\/title>\n<meta name=\"robots\" content=\"index, follow, max-snippet:-1, max-image-preview:large, max-video-preview:-1\" \/>\n<link rel=\"canonical\" href=\"https:\/\/www.akwascreation.com\/index.php\/portfolio_event\/\" \/>\n<meta property=\"og:locale\" content=\"fr_FR\" \/>\n<meta property=\"og:type\" content=\"article\" \/>\n<meta property=\"og:title\" content=\"Event - Akwas Creation\" \/>\n<meta property=\"og:description\" content=\"[vc_row row_content_width=&#8221;grid&#8221;][vc_column][vc_column_text] Portfolio \u00e9v\u00e9nementiel Agence d&#8217;\u00e9v\u00e9nementiel Rabat Maroc &#8211; Organisation \u00e9v\u00e9nements et s\u00e9minaires &#8211; Diner de Gala &#8211; Team Building &#8211; Lancement de produit &#8211; Animation salon &amp; stand &#8211; Anniversaire d\u2019entreprises &#8211; Animation commerciale &#8211; Assembl\u00e9e g\u00e9n\u00e9rale &#8211; Street Marketing &#8211; Inauguration &#8230; [\/vc_column_text][vc_empty_space][vc_empty_space][\/vc_column][\/vc_row]\" \/>\n<meta property=\"og:url\" content=\"https:\/\/www.akwascreation.com\/index.php\/portfolio_event\/\" \/>\n<meta property=\"og:site_name\" content=\"Akwas Creation\" \/>\n<meta property=\"article:modified_time\" content=\"2020-05-05T16:31:46+00:00\" \/>\n<meta name=\"twitter:card\" content=\"summary_large_image\" \/>\n<meta name=\"twitter:label1\" content=\"Dur\u00e9e de lecture estim\u00e9e\" \/>\n\t<meta name=\"twitter:data1\" content=\"1 minute\" \/>\n<script type=\"application\/ld+json\" class=\"yoast-schema-graph\">{\"@context\":\"https:\/\/schema.org\",\"@graph\":[{\"@type\":\"WebPage\",\"@id\":\"https:\/\/www.akwascreation.com\/index.php\/portfolio_event\/\",\"url\":\"https:\/\/www.akwascreation.com\/index.php\/portfolio_event\/\",\"name\":\"Event - Akwas Creation\",\"isPartOf\":{\"@id\":\"https:\/\/www.akwascreation.com\/#website\"},\"datePublished\":\"2018-10-30T13:26:43+00:00\",\"dateModified\":\"2020-05-05T16:31:46+00:00\",\"breadcrumb\":{\"@id\":\"https:\/\/www.akwascreation.com\/index.php\/portfolio_event\/#breadcrumb\"},\"inLanguage\":\"fr-FR\",\"potentialAction\":[{\"@type\":\"ReadAction\",\"target\":[\"https:\/\/www.akwascreation.com\/index.php\/portfolio_event\/\"]}]},{\"@type\":\"BreadcrumbList\",\"@id\":\"https:\/\/www.akwascreation.com\/index.php\/portfolio_event\/#breadcrumb\",\"itemListElement\":[{\"@type\":\"ListItem\",\"position\":1,\"name\":\"Accueil\",\"item\":\"https:\/\/www.akwascreation.com\/\"},{\"@type\":\"ListItem\",\"position\":2,\"name\":\"Event\"}]},{\"@type\":\"WebSite\",\"@id\":\"https:\/\/www.akwascreation.com\/#website\",\"url\":\"https:\/\/www.akwascreation.com\/\",\"name\":\"Akwas Creation\",\"description\":\"Agence de communication \u00e0 Rabat Maroc\",\"potentialAction\":[{\"@type\":\"SearchAction\",\"target\":{\"@type\":\"EntryPoint\",\"urlTemplate\":\"https:\/\/www.akwascreation.com\/?s={search_term_string}\"},\"query-input\":{\"@type\":\"PropertyValueSpecification\",\"valueRequired\":true,\"valueName\":\"search_term_string\"}}],\"inLanguage\":\"fr-FR\"}]}<\/script>\n<!-- \/ Yoast SEO plugin. -->","yoast_head_json":{"title":"Event - Akwas Creation","robots":{"index":"index","follow":"follow","max-snippet":"max-snippet:-1","max-image-preview":"max-image-preview:large","max-video-preview":"max-video-preview:-1"},"canonical":"https:\/\/www.akwascreation.com\/index.php\/portfolio_event\/","og_locale":"fr_FR","og_type":"article","og_title":"Event - Akwas Creation","og_description":"[vc_row row_content_width=&#8221;grid&#8221;][vc_column][vc_column_text] Portfolio \u00e9v\u00e9nementiel Agence d&#8217;\u00e9v\u00e9nementiel Rabat Maroc &#8211; Organisation \u00e9v\u00e9nements et s\u00e9minaires &#8211; Diner de Gala &#8211; Team Building &#8211; Lancement de produit &#8211; Animation salon &amp; stand &#8211; Anniversaire d\u2019entreprises &#8211; Animation commerciale &#8211; Assembl\u00e9e g\u00e9n\u00e9rale &#8211; Street Marketing &#8211; Inauguration &#8230; [\/vc_column_text][vc_empty_space][vc_empty_space][\/vc_column][\/vc_row]","og_url":"https:\/\/www.akwascreation.com\/index.php\/portfolio_event\/","og_site_name":"Akwas Creation","article_modified_time":"2020-05-05T16:31:46+00:00","twitter_card":"summary_large_image","twitter_misc":{"Dur\u00e9e de lecture estim\u00e9e":"1 minute"},"schema":{"@context":"https:\/\/schema.org","@graph":[{"@type":"WebPage","@id":"https:\/\/www.akwascreation.com\/index.php\/portfolio_event\/","url":"https:\/\/www.akwascreation.com\/index.php\/portfolio_event\/","name":"Event - Akwas Creation","isPartOf":{"@id":"https:\/\/www.akwascreation.com\/#website"},"datePublished":"2018-10-30T13:26:43+00:00","dateModified":"2020-05-05T16:31:46+00:00","breadcrumb":{"@id":"https:\/\/www.akwascreation.com\/index.php\/portfolio_event\/#breadcrumb"},"inLanguage":"fr-FR","potentialAction":[{"@type":"ReadAction","target":["https:\/\/www.akwascreation.com\/index.php\/portfolio_event\/"]}]},{"@type":"BreadcrumbList","@id":"https:\/\/www.akwascreation.com\/index.php\/portfolio_event\/#breadcrumb","itemListElement":[{"@type":"ListItem","position":1,"name":"Accueil","item":"https:\/\/www.akwascreation.com\/"},{"@type":"ListItem","position":2,"name":"Event"}]},{"@type":"WebSite","@id":"https:\/\/www.akwascreation.com\/#website","url":"https:\/\/www.akwascreation.com\/","name":"Akwas Creation","description":"Agence de communication \u00e0 Rabat Maroc","potentialAction":[{"@type":"SearchAction","target":{"@type":"EntryPoint","urlTemplate":"https:\/\/www.akwascreation.com\/?s={search_term_string}"},"query-input":{"@type":"PropertyValueSpecification","valueRequired":true,"valueName":"search_term_string"}}],"inLanguage":"fr-FR"}]}},"_links":{"self":[{"href":"https:\/\/www.akwascreation.com\/index.php\/wp-json\/wp\/v2\/pages\/5362"}],"collection":[{"href":"https:\/\/www.akwascreation.com\/index.php\/wp-json\/wp\/v2\/pages"}],"about":[{"href":"https:\/\/www.akwascreation.com\/index.php\/wp-json\/wp\/v2\/types\/page"}],"author":[{"embeddable":true,"href":"https:\/\/www.akwascreation.com\/index.php\/wp-json\/wp\/v2\/users\/1"}],"replies":[{"embeddable":true,"href":"https:\/\/www.akwascreation.com\/index.php\/wp-json\/wp\/v2\/comments?post=5362"}],"version-history":[{"count":9,"href":"https:\/\/www.akwascreation.com\/index.php\/wp-json\/wp\/v2\/pages\/5362\/revisions"}],"predecessor-version":[{"id":5955,"href":"https:\/\/www.akwascreation.com\/index.php\/wp-json\/wp\/v2\/pages\/5362\/revisions\/5955"}],"wp:attachment":[{"href":"https:\/\/www.akwascreation.com\/index.php\/wp-json\/wp\/v2\/media?parent=5362"}],"curies":[{"name":"wp","href":"https:\/\/api.w.org\/{rel}","templated":true}]}}