{"id":5364,"date":"2020-05-01T14:26:43","date_gmt":"2020-05-01T12:26:43","guid":{"rendered":"http:\/\/www.akwascreation.com\/index.php\/portfolio_com-5\/"},"modified":"2020-05-05T19:17:35","modified_gmt":"2020-05-05T17:17:35","slug":"portfolio_goodies","status":"publish","type":"page","link":"https:\/\/www.akwascreation.com\/index.php\/portfolio_goodies\/","title":{"rendered":"Goodies"},"content":{"rendered":"<p>[vc_row row_content_width=&#8221;grid&#8221;][vc_column][vc_column_text]<\/p>\n<h4>Portfolio Objets Publicitaires<\/h4>\n<div>Objets publicitaires Rabat Maroc &#8211; Goodies &#8211; Cadeaux d&#8217;affaires &#8211; Cadeaux d&#8217;entreprise &#8211; Stylo en plastique &#8211; Stylo \u00e9cologique &#8211; Stylo en m\u00e9tal &#8211; Stylo VIP &#8211; Stylo lumineux LED &#8211; Crayon &#8211; Power bank &#8211; Haut-Parleurs &#8211; Cl\u00e9 USB &#8211; Bloc-notes &#8211; Blocs-notes personnalis\u00e9s &#8211; Porte document &#8211; Cartable &#8211; Badge &#8211; T-shirt &#8211; Polo &#8211; Casquette &#8211; Sac &#8211; Troph\u00e9e &#8211; Porte-cl\u00e9s &#8211; Porte-cartes &#8211; Mug &amp; tasse &#8211; Bougie &#8211; Coffrets VIP &#8230;<\/div>\n<div><\/div>\n<p>[\/vc_column_text][vc_empty_space]<div class=\"eltdf-portfolio-list-holder eltdf-grid-list eltdf-grid-masonry-list eltdf-disable-bottom-space eltdf-pl-masonry eltdf-four-columns eltdf-small-space eltdf-pl-overlay-change-cursor eltdf-fixed-masonry-items   eltdf-pl-pag-standard  eltdf-pl-has-animation eltdf-pl-has-parallax   \"  data-type=masonry data-item-type=gallery data-number-of-columns=four data-space-between-items=small data-number-of-items=-1 data-image-proportions=full data-enable-fixed-proportions=yes data-enable-image-shadow=no data-category=goodies data-tag=goodies data-orderby=title data-order=ASC data-item-style=overlay-change-cursor data-enable-title=yes data-title-tag=h4 data-enable-category=yes data-pagination-type=standard data-filter=no data-filter-order-by=name data-enable-article-animation=yes data-enable-article-parallax=yes data-portfolio-slider-on=no data-enable-loop=yes data-enable-autoplay=yes data-slider-speed=5000 data-slider-speed-animation=600 data-enable-navigation=yes data-enable-pagination=yes data-max-num-pages=0 data-next-page=2>\n\t\t<div class=\"eltdf-pl-inner eltdf-outer-space eltdf-masonry-list-wrapper clearfix\">\n\t\t<div class=\"eltdf-masonry-grid-sizer\"><\/div>\n\t\t<div class=\"eltdf-masonry-grid-gutter\"><\/div>\n\t\t<article class=\"eltdf-pl-item eltdf-item-space eltdf-masonry-size-large-width-height  post-5542 portfolio-item type-portfolio-item status-publish has-post-thumbnail hentry portfolio-category-goodies portfolio-tag-goodies\">\n\t<div class=\"eltdf-pl-item-inner\">\n\t\t<div class=\"eltdf-pli-image\">\n\t<img loading=\"lazy\" decoding=\"async\" width=\"800\" height=\"800\" src=\"https:\/\/www.akwascreation.com\/wp-content\/uploads\/2020\/03\/port-parllax-1-4.jpg\" class=\"attachment-amedeo_elated_image_huge size-amedeo_elated_image_huge wp-post-image\" alt=\"\" srcset=\"https:\/\/www.akwascreation.com\/wp-content\/uploads\/2020\/03\/port-parllax-1-4.jpg 800w, https:\/\/www.akwascreation.com\/wp-content\/uploads\/2020\/03\/port-parllax-1-4-300x300.jpg 300w, https:\/\/www.akwascreation.com\/wp-content\/uploads\/2020\/03\/port-parllax-1-4-150x150.jpg 150w, https:\/\/www.akwascreation.com\/wp-content\/uploads\/2020\/03\/port-parllax-1-4-768x768.jpg 768w, https:\/\/www.akwascreation.com\/wp-content\/uploads\/2020\/03\/port-parllax-1-4-650x650.jpg 650w\" sizes=\"(max-width: 800px) 100vw, 800px\" \/><\/div>\t\t\n\t\t\t<\/div>\n<\/article><article class=\"eltdf-pl-item eltdf-item-space  post-5560 portfolio-item type-portfolio-item status-publish has-post-thumbnail hentry portfolio-category-goodies portfolio-tag-goodies\">\n\t<div class=\"eltdf-pl-item-inner\">\n\t\t<div class=\"eltdf-pli-image\">\n\t<img loading=\"lazy\" decoding=\"async\" width=\"650\" height=\"650\" src=\"https:\/\/www.akwascreation.com\/wp-content\/uploads\/2020\/03\/port-parllax-2-650x650-5.jpg\" class=\"attachment-full size-full wp-post-image\" alt=\"\" srcset=\"https:\/\/www.akwascreation.com\/wp-content\/uploads\/2020\/03\/port-parllax-2-650x650-5.jpg 650w, https:\/\/www.akwascreation.com\/wp-content\/uploads\/2020\/03\/port-parllax-2-650x650-5-300x300.jpg 300w, https:\/\/www.akwascreation.com\/wp-content\/uploads\/2020\/03\/port-parllax-2-650x650-5-150x150.jpg 150w\" sizes=\"(max-width: 650px) 100vw, 650px\" \/><\/div>\t\t\n\t\t\t<\/div>\n<\/article><article class=\"eltdf-pl-item eltdf-item-space  post-5561 portfolio-item type-portfolio-item status-publish has-post-thumbnail hentry portfolio-category-goodies portfolio-tag-goodies\">\n\t<div class=\"eltdf-pl-item-inner\">\n\t\t<div class=\"eltdf-pli-image\">\n\t<img loading=\"lazy\" decoding=\"async\" width=\"650\" height=\"1300\" src=\"https:\/\/www.akwascreation.com\/wp-content\/uploads\/2020\/03\/port-parllax-3-650x1300-5.jpg\" class=\"attachment-full size-full wp-post-image\" alt=\"\" srcset=\"https:\/\/www.akwascreation.com\/wp-content\/uploads\/2020\/03\/port-parllax-3-650x1300-5.jpg 650w, https:\/\/www.akwascreation.com\/wp-content\/uploads\/2020\/03\/port-parllax-3-650x1300-5-150x300.jpg 150w, https:\/\/www.akwascreation.com\/wp-content\/uploads\/2020\/03\/port-parllax-3-650x1300-5-512x1024.jpg 512w\" sizes=\"(max-width: 650px) 100vw, 650px\" \/><\/div>\t\t\n\t\t\t<\/div>\n<\/article><article class=\"eltdf-pl-item eltdf-item-space  post-5562 portfolio-item type-portfolio-item status-publish has-post-thumbnail hentry portfolio-category-goodies portfolio-tag-goodies\">\n\t<div class=\"eltdf-pl-item-inner\">\n\t\t<div class=\"eltdf-pli-image\">\n\t<img loading=\"lazy\" decoding=\"async\" width=\"650\" height=\"1300\" src=\"https:\/\/www.akwascreation.com\/wp-content\/uploads\/2020\/03\/port-parllax-5-4.jpg\" class=\"attachment-full size-full wp-post-image\" alt=\"\" srcset=\"https:\/\/www.akwascreation.com\/wp-content\/uploads\/2020\/03\/port-parllax-5-4.jpg 650w, https:\/\/www.akwascreation.com\/wp-content\/uploads\/2020\/03\/port-parllax-5-4-150x300.jpg 150w, https:\/\/www.akwascreation.com\/wp-content\/uploads\/2020\/03\/port-parllax-5-4-512x1024.jpg 512w\" sizes=\"(max-width: 650px) 100vw, 650px\" \/><\/div>\t\t\n\t\t\t<\/div>\n<\/article><article class=\"eltdf-pl-item eltdf-item-space  post-5563 portfolio-item type-portfolio-item status-publish has-post-thumbnail hentry portfolio-category-goodies portfolio-tag-goodies\">\n\t<div class=\"eltdf-pl-item-inner\">\n\t\t<div class=\"eltdf-pli-image\">\n\t<img loading=\"lazy\" decoding=\"async\" width=\"650\" height=\"650\" src=\"https:\/\/www.akwascreation.com\/wp-content\/uploads\/2020\/03\/port-parllax-6-650x650-5.jpg\" class=\"attachment-full size-full wp-post-image\" alt=\"\" srcset=\"https:\/\/www.akwascreation.com\/wp-content\/uploads\/2020\/03\/port-parllax-6-650x650-5.jpg 650w, https:\/\/www.akwascreation.com\/wp-content\/uploads\/2020\/03\/port-parllax-6-650x650-5-300x300.jpg 300w, https:\/\/www.akwascreation.com\/wp-content\/uploads\/2020\/03\/port-parllax-6-650x650-5-150x150.jpg 150w\" sizes=\"(max-width: 650px) 100vw, 650px\" \/><\/div>\t\t\n\t\t\t<\/div>\n<\/article><article class=\"eltdf-pl-item eltdf-item-space  post-5564 portfolio-item type-portfolio-item status-publish has-post-thumbnail hentry portfolio-category-goodies portfolio-tag-goodies\">\n\t<div class=\"eltdf-pl-item-inner\">\n\t\t<div class=\"eltdf-pli-image\">\n\t<img loading=\"lazy\" decoding=\"async\" width=\"650\" height=\"650\" src=\"https:\/\/www.akwascreation.com\/wp-content\/uploads\/2020\/03\/port-parllax-14-650x650-5.jpg\" class=\"attachment-full size-full wp-post-image\" alt=\"\" srcset=\"https:\/\/www.akwascreation.com\/wp-content\/uploads\/2020\/03\/port-parllax-14-650x650-5.jpg 650w, https:\/\/www.akwascreation.com\/wp-content\/uploads\/2020\/03\/port-parllax-14-650x650-5-300x300.jpg 300w, https:\/\/www.akwascreation.com\/wp-content\/uploads\/2020\/03\/port-parllax-14-650x650-5-150x150.jpg 150w\" sizes=\"(max-width: 650px) 100vw, 650px\" \/><\/div>\t\t\n\t\t\t<\/div>\n<\/article><article class=\"eltdf-pl-item eltdf-item-space  post-5565 portfolio-item type-portfolio-item status-publish has-post-thumbnail hentry portfolio-category-goodies portfolio-tag-goodies\">\n\t<div class=\"eltdf-pl-item-inner\">\n\t\t<div class=\"eltdf-pli-image\">\n\t<img loading=\"lazy\" decoding=\"async\" width=\"650\" height=\"1300\" src=\"https:\/\/www.akwascreation.com\/wp-content\/uploads\/2020\/03\/port-parllax-4-650x1300-5.jpg\" class=\"attachment-full size-full wp-post-image\" alt=\"\" srcset=\"https:\/\/www.akwascreation.com\/wp-content\/uploads\/2020\/03\/port-parllax-4-650x1300-5.jpg 650w, https:\/\/www.akwascreation.com\/wp-content\/uploads\/2020\/03\/port-parllax-4-650x1300-5-150x300.jpg 150w, https:\/\/www.akwascreation.com\/wp-content\/uploads\/2020\/03\/port-parllax-4-650x1300-5-512x1024.jpg 512w\" sizes=\"(max-width: 650px) 100vw, 650px\" \/><\/div>\t\t\n\t\t\t<\/div>\n<\/article><article class=\"eltdf-pl-item eltdf-item-space eltdf-masonry-size-large-width-height  post-5566 portfolio-item type-portfolio-item status-publish has-post-thumbnail hentry portfolio-category-goodies portfolio-tag-goodies\">\n\t<div class=\"eltdf-pl-item-inner\">\n\t\t<div class=\"eltdf-pli-image\">\n\t<img loading=\"lazy\" decoding=\"async\" width=\"800\" height=\"800\" src=\"https:\/\/www.akwascreation.com\/wp-content\/uploads\/2020\/03\/port-parllax-9-4.jpg\" class=\"attachment-amedeo_elated_image_huge size-amedeo_elated_image_huge wp-post-image\" alt=\"\" srcset=\"https:\/\/www.akwascreation.com\/wp-content\/uploads\/2020\/03\/port-parllax-9-4.jpg 800w, https:\/\/www.akwascreation.com\/wp-content\/uploads\/2020\/03\/port-parllax-9-4-300x300.jpg 300w, https:\/\/www.akwascreation.com\/wp-content\/uploads\/2020\/03\/port-parllax-9-4-150x150.jpg 150w, https:\/\/www.akwascreation.com\/wp-content\/uploads\/2020\/03\/port-parllax-9-4-768x768.jpg 768w, https:\/\/www.akwascreation.com\/wp-content\/uploads\/2020\/03\/port-parllax-9-4-650x650.jpg 650w\" sizes=\"(max-width: 800px) 100vw, 800px\" \/><\/div>\t\t\n\t\t\t<\/div>\n<\/article><article class=\"eltdf-pl-item eltdf-item-space  post-5567 portfolio-item type-portfolio-item status-publish has-post-thumbnail hentry portfolio-category-goodies portfolio-tag-goodies\">\n\t<div class=\"eltdf-pl-item-inner\">\n\t\t<div class=\"eltdf-pli-image\">\n\t<img loading=\"lazy\" decoding=\"async\" width=\"630\" height=\"1261\" src=\"https:\/\/www.akwascreation.com\/wp-content\/uploads\/2020\/03\/metro-portfolio-goodies.jpg\" class=\"attachment-full size-full wp-post-image\" alt=\"\" srcset=\"https:\/\/www.akwascreation.com\/wp-content\/uploads\/2020\/03\/metro-portfolio-goodies.jpg 630w, https:\/\/www.akwascreation.com\/wp-content\/uploads\/2020\/03\/metro-portfolio-goodies-150x300.jpg 150w, https:\/\/www.akwascreation.com\/wp-content\/uploads\/2020\/03\/metro-portfolio-goodies-512x1024.jpg 512w\" sizes=\"(max-width: 630px) 100vw, 630px\" \/><\/div>\t\t\n\t\t\t<\/div>\n<\/article><article class=\"eltdf-pl-item eltdf-item-space  post-5571 portfolio-item type-portfolio-item status-publish has-post-thumbnail hentry portfolio-category-goodies portfolio-tag-goodies\">\n\t<div class=\"eltdf-pl-item-inner\">\n\t\t<div class=\"eltdf-pli-image\">\n\t<img loading=\"lazy\" decoding=\"async\" width=\"650\" height=\"650\" src=\"https:\/\/www.akwascreation.com\/wp-content\/uploads\/2020\/03\/port-parllax-18-650x650-5.jpg\" class=\"attachment-full size-full wp-post-image\" alt=\"\" srcset=\"https:\/\/www.akwascreation.com\/wp-content\/uploads\/2020\/03\/port-parllax-18-650x650-5.jpg 650w, https:\/\/www.akwascreation.com\/wp-content\/uploads\/2020\/03\/port-parllax-18-650x650-5-300x300.jpg 300w, https:\/\/www.akwascreation.com\/wp-content\/uploads\/2020\/03\/port-parllax-18-650x650-5-150x150.jpg 150w\" sizes=\"(max-width: 650px) 100vw, 650px\" \/><\/div>\t\t\n\t\t\t<\/div>\n<\/article><article class=\"eltdf-pl-item eltdf-item-space  post-5574 portfolio-item type-portfolio-item status-publish has-post-thumbnail hentry portfolio-category-goodies portfolio-tag-goodies\">\n\t<div class=\"eltdf-pl-item-inner\">\n\t\t<div class=\"eltdf-pli-image\">\n\t<img loading=\"lazy\" decoding=\"async\" width=\"650\" height=\"650\" src=\"https:\/\/www.akwascreation.com\/wp-content\/uploads\/2020\/03\/port-parllax-11-650x650-5.jpg\" class=\"attachment-full size-full wp-post-image\" alt=\"\" srcset=\"https:\/\/www.akwascreation.com\/wp-content\/uploads\/2020\/03\/port-parllax-11-650x650-5.jpg 650w, https:\/\/www.akwascreation.com\/wp-content\/uploads\/2020\/03\/port-parllax-11-650x650-5-300x300.jpg 300w, https:\/\/www.akwascreation.com\/wp-content\/uploads\/2020\/03\/port-parllax-11-650x650-5-150x150.jpg 150w\" sizes=\"(max-width: 650px) 100vw, 650px\" \/><\/div>\t\t\n\t\t\t<\/div>\n<\/article><article class=\"eltdf-pl-item eltdf-item-space  post-5575 portfolio-item type-portfolio-item status-publish has-post-thumbnail hentry portfolio-category-goodies portfolio-tag-goodies\">\n\t<div class=\"eltdf-pl-item-inner\">\n\t\t<div class=\"eltdf-pli-image\">\n\t<img loading=\"lazy\" decoding=\"async\" width=\"650\" height=\"1300\" src=\"https:\/\/www.akwascreation.com\/wp-content\/uploads\/2020\/03\/port-parllax-12-650x1300-5.jpg\" class=\"attachment-full size-full wp-post-image\" alt=\"\" srcset=\"https:\/\/www.akwascreation.com\/wp-content\/uploads\/2020\/03\/port-parllax-12-650x1300-5.jpg 650w, https:\/\/www.akwascreation.com\/wp-content\/uploads\/2020\/03\/port-parllax-12-650x1300-5-150x300.jpg 150w, https:\/\/www.akwascreation.com\/wp-content\/uploads\/2020\/03\/port-parllax-12-650x1300-5-512x1024.jpg 512w\" sizes=\"(max-width: 650px) 100vw, 650px\" \/><\/div>\t\t\n\t\t\t<\/div>\n<\/article><article class=\"eltdf-pl-item eltdf-item-space  post-5577 portfolio-item type-portfolio-item status-publish has-post-thumbnail hentry portfolio-category-goodies portfolio-tag-goodies\">\n\t<div class=\"eltdf-pl-item-inner\">\n\t\t<div class=\"eltdf-pli-image\">\n\t<img loading=\"lazy\" decoding=\"async\" width=\"650\" height=\"1300\" src=\"https:\/\/www.akwascreation.com\/wp-content\/uploads\/2020\/03\/port-parllax-6-4.jpg\" class=\"attachment-full size-full wp-post-image\" alt=\"\" srcset=\"https:\/\/www.akwascreation.com\/wp-content\/uploads\/2020\/03\/port-parllax-6-4.jpg 650w, https:\/\/www.akwascreation.com\/wp-content\/uploads\/2020\/03\/port-parllax-6-4-150x300.jpg 150w, https:\/\/www.akwascreation.com\/wp-content\/uploads\/2020\/03\/port-parllax-6-4-512x1024.jpg 512w\" sizes=\"(max-width: 650px) 100vw, 650px\" \/><\/div>\t\t\n\t\t\t<\/div>\n<\/article><article class=\"eltdf-pl-item eltdf-item-space  post-5578 portfolio-item type-portfolio-item status-publish has-post-thumbnail hentry portfolio-category-goodies portfolio-tag-goodies\">\n\t<div class=\"eltdf-pl-item-inner\">\n\t\t<div class=\"eltdf-pli-image\">\n\t<img loading=\"lazy\" decoding=\"async\" width=\"650\" height=\"650\" src=\"https:\/\/www.akwascreation.com\/wp-content\/uploads\/2020\/03\/port-parllax-10-650x650-5.jpg\" class=\"attachment-full size-full wp-post-image\" alt=\"\" srcset=\"https:\/\/www.akwascreation.com\/wp-content\/uploads\/2020\/03\/port-parllax-10-650x650-5.jpg 650w, https:\/\/www.akwascreation.com\/wp-content\/uploads\/2020\/03\/port-parllax-10-650x650-5-300x300.jpg 300w, https:\/\/www.akwascreation.com\/wp-content\/uploads\/2020\/03\/port-parllax-10-650x650-5-150x150.jpg 150w\" sizes=\"(max-width: 650px) 100vw, 650px\" \/><\/div>\t\t\n\t\t\t<\/div>\n<\/article><article class=\"eltdf-pl-item eltdf-item-space eltdf-masonry-size-large-width-height  post-5579 portfolio-item type-portfolio-item status-publish has-post-thumbnail hentry portfolio-category-goodies portfolio-tag-goodies\">\n\t<div class=\"eltdf-pl-item-inner\">\n\t\t<div class=\"eltdf-pli-image\">\n\t<img loading=\"lazy\" decoding=\"async\" width=\"780\" height=\"780\" src=\"https:\/\/www.akwascreation.com\/wp-content\/uploads\/2020\/03\/port-parllax-15-4.jpg\" class=\"attachment-amedeo_elated_image_huge size-amedeo_elated_image_huge wp-post-image\" alt=\"\" srcset=\"https:\/\/www.akwascreation.com\/wp-content\/uploads\/2020\/03\/port-parllax-15-4.jpg 780w, https:\/\/www.akwascreation.com\/wp-content\/uploads\/2020\/03\/port-parllax-15-4-300x300.jpg 300w, https:\/\/www.akwascreation.com\/wp-content\/uploads\/2020\/03\/port-parllax-15-4-150x150.jpg 150w, https:\/\/www.akwascreation.com\/wp-content\/uploads\/2020\/03\/port-parllax-15-4-768x768.jpg 768w, https:\/\/www.akwascreation.com\/wp-content\/uploads\/2020\/03\/port-parllax-15-4-650x650.jpg 650w\" sizes=\"(max-width: 780px) 100vw, 780px\" \/><\/div>\t\t\n\t\t\t<\/div>\n<\/article><article class=\"eltdf-pl-item eltdf-item-space  post-5580 portfolio-item type-portfolio-item status-publish has-post-thumbnail hentry portfolio-category-goodies portfolio-tag-goodies\">\n\t<div class=\"eltdf-pl-item-inner\">\n\t\t<div class=\"eltdf-pli-image\">\n\t<img loading=\"lazy\" decoding=\"async\" width=\"650\" height=\"650\" src=\"https:\/\/www.akwascreation.com\/wp-content\/uploads\/2020\/03\/port-parllax-16-650x650-5.jpg\" class=\"attachment-full size-full wp-post-image\" alt=\"\" srcset=\"https:\/\/www.akwascreation.com\/wp-content\/uploads\/2020\/03\/port-parllax-16-650x650-5.jpg 650w, https:\/\/www.akwascreation.com\/wp-content\/uploads\/2020\/03\/port-parllax-16-650x650-5-300x300.jpg 300w, https:\/\/www.akwascreation.com\/wp-content\/uploads\/2020\/03\/port-parllax-16-650x650-5-150x150.jpg 150w\" sizes=\"(max-width: 650px) 100vw, 650px\" \/><\/div>\t\t\n\t\t\t<\/div>\n<\/article><article class=\"eltdf-pl-item eltdf-item-space  post-5581 portfolio-item type-portfolio-item status-publish has-post-thumbnail hentry portfolio-category-goodies portfolio-tag-goodies\">\n\t<div class=\"eltdf-pl-item-inner\">\n\t\t<div class=\"eltdf-pli-image\">\n\t<img loading=\"lazy\" decoding=\"async\" width=\"650\" height=\"650\" src=\"https:\/\/www.akwascreation.com\/wp-content\/uploads\/2020\/03\/port-parllax-17-650x650-5.jpg\" class=\"attachment-full size-full wp-post-image\" alt=\"\" srcset=\"https:\/\/www.akwascreation.com\/wp-content\/uploads\/2020\/03\/port-parllax-17-650x650-5.jpg 650w, https:\/\/www.akwascreation.com\/wp-content\/uploads\/2020\/03\/port-parllax-17-650x650-5-300x300.jpg 300w, https:\/\/www.akwascreation.com\/wp-content\/uploads\/2020\/03\/port-parllax-17-650x650-5-150x150.jpg 150w\" sizes=\"(max-width: 650px) 100vw, 650px\" \/><\/div>\t\t\n\t\t\t<\/div>\n<\/article>\t<\/div>\n\t\n\t<\/div>[vc_empty_space][\/vc_column][\/vc_row]<\/p>\n","protected":false},"excerpt":{"rendered":"<p>[vc_row row_content_width=&#8221;grid&#8221;][vc_column][vc_column_text] Portfolio Objets Publicitaires Objets publicitaires Rabat Maroc &#8211; Goodies &#8211; Cadeaux d&#8217;affaires &#8211; Cadeaux d&#8217;entreprise &#8211; Stylo en plastique &#8211; Stylo \u00e9cologique &#8211; Stylo en m\u00e9tal &#8211; Stylo VIP &#8211; Stylo lumineux LED &#8211; Crayon &#8211; Power bank &#8211; Haut-Parleurs &#8211; Cl\u00e9 USB &#8211; Bloc-notes &#8211; Blocs-notes personnalis\u00e9s &#8211; Porte document &#8211; Cartable &#8211; Badge &#8211; T-shirt &#8211; Polo &#8211; Casquette [&hellip;]<\/p>\n","protected":false},"author":1,"featured_media":0,"parent":0,"menu_order":0,"comment_status":"closed","ping_status":"closed","template":"full-width.php","meta":{"footnotes":""},"class_list":["post-5364","page","type-page","status-publish","hentry"],"yoast_head":"<!-- This site is optimized with the Yoast SEO plugin v23.6 - https:\/\/yoast.com\/wordpress\/plugins\/seo\/ -->\n<title>Goodies - Akwas Creation<\/title>\n<meta name=\"robots\" content=\"index, follow, max-snippet:-1, max-image-preview:large, max-video-preview:-1\" \/>\n<link rel=\"canonical\" href=\"https:\/\/www.akwascreation.com\/index.php\/portfolio_goodies\/\" \/>\n<meta property=\"og:locale\" content=\"fr_FR\" \/>\n<meta property=\"og:type\" content=\"article\" \/>\n<meta property=\"og:title\" content=\"Goodies - Akwas Creation\" \/>\n<meta property=\"og:description\" content=\"[vc_row row_content_width=&#8221;grid&#8221;][vc_column][vc_column_text] Portfolio Objets Publicitaires Objets publicitaires Rabat Maroc &#8211; Goodies &#8211; Cadeaux d&#8217;affaires &#8211; Cadeaux d&#8217;entreprise &#8211; Stylo en plastique &#8211; Stylo \u00e9cologique &#8211; Stylo en m\u00e9tal &#8211; Stylo VIP &#8211; Stylo lumineux LED &#8211; Crayon &#8211; Power bank &#8211; Haut-Parleurs &#8211; Cl\u00e9 USB &#8211; Bloc-notes &#8211; Blocs-notes personnalis\u00e9s &#8211; Porte document &#8211; Cartable &#8211; Badge &#8211; T-shirt &#8211; Polo &#8211; Casquette [&hellip;]\" \/>\n<meta property=\"og:url\" content=\"https:\/\/www.akwascreation.com\/index.php\/portfolio_goodies\/\" \/>\n<meta property=\"og:site_name\" content=\"Akwas Creation\" \/>\n<meta property=\"article:modified_time\" content=\"2020-05-05T17:17:35+00:00\" \/>\n<meta name=\"twitter:card\" content=\"summary_large_image\" \/>\n<meta name=\"twitter:label1\" content=\"Dur\u00e9e de lecture estim\u00e9e\" \/>\n\t<meta name=\"twitter:data1\" content=\"1 minute\" \/>\n<script type=\"application\/ld+json\" class=\"yoast-schema-graph\">{\"@context\":\"https:\/\/schema.org\",\"@graph\":[{\"@type\":\"WebPage\",\"@id\":\"https:\/\/www.akwascreation.com\/index.php\/portfolio_goodies\/\",\"url\":\"https:\/\/www.akwascreation.com\/index.php\/portfolio_goodies\/\",\"name\":\"Goodies - Akwas Creation\",\"isPartOf\":{\"@id\":\"https:\/\/www.akwascreation.com\/#website\"},\"datePublished\":\"2020-05-01T12:26:43+00:00\",\"dateModified\":\"2020-05-05T17:17:35+00:00\",\"breadcrumb\":{\"@id\":\"https:\/\/www.akwascreation.com\/index.php\/portfolio_goodies\/#breadcrumb\"},\"inLanguage\":\"fr-FR\",\"potentialAction\":[{\"@type\":\"ReadAction\",\"target\":[\"https:\/\/www.akwascreation.com\/index.php\/portfolio_goodies\/\"]}]},{\"@type\":\"BreadcrumbList\",\"@id\":\"https:\/\/www.akwascreation.com\/index.php\/portfolio_goodies\/#breadcrumb\",\"itemListElement\":[{\"@type\":\"ListItem\",\"position\":1,\"name\":\"Accueil\",\"item\":\"https:\/\/www.akwascreation.com\/\"},{\"@type\":\"ListItem\",\"position\":2,\"name\":\"Goodies\"}]},{\"@type\":\"WebSite\",\"@id\":\"https:\/\/www.akwascreation.com\/#website\",\"url\":\"https:\/\/www.akwascreation.com\/\",\"name\":\"Akwas Creation\",\"description\":\"Agence de communication \u00e0 Rabat Maroc\",\"potentialAction\":[{\"@type\":\"SearchAction\",\"target\":{\"@type\":\"EntryPoint\",\"urlTemplate\":\"https:\/\/www.akwascreation.com\/?s={search_term_string}\"},\"query-input\":{\"@type\":\"PropertyValueSpecification\",\"valueRequired\":true,\"valueName\":\"search_term_string\"}}],\"inLanguage\":\"fr-FR\"}]}<\/script>\n<!-- \/ Yoast SEO plugin. -->","yoast_head_json":{"title":"Goodies - Akwas Creation","robots":{"index":"index","follow":"follow","max-snippet":"max-snippet:-1","max-image-preview":"max-image-preview:large","max-video-preview":"max-video-preview:-1"},"canonical":"https:\/\/www.akwascreation.com\/index.php\/portfolio_goodies\/","og_locale":"fr_FR","og_type":"article","og_title":"Goodies - Akwas Creation","og_description":"[vc_row row_content_width=&#8221;grid&#8221;][vc_column][vc_column_text] Portfolio Objets Publicitaires Objets publicitaires Rabat Maroc &#8211; Goodies &#8211; Cadeaux d&#8217;affaires &#8211; Cadeaux d&#8217;entreprise &#8211; Stylo en plastique &#8211; Stylo \u00e9cologique &#8211; Stylo en m\u00e9tal &#8211; Stylo VIP &#8211; Stylo lumineux LED &#8211; Crayon &#8211; Power bank &#8211; Haut-Parleurs &#8211; Cl\u00e9 USB &#8211; Bloc-notes &#8211; Blocs-notes personnalis\u00e9s &#8211; Porte document &#8211; Cartable &#8211; Badge &#8211; T-shirt &#8211; Polo &#8211; Casquette [&hellip;]","og_url":"https:\/\/www.akwascreation.com\/index.php\/portfolio_goodies\/","og_site_name":"Akwas Creation","article_modified_time":"2020-05-05T17:17:35+00:00","twitter_card":"summary_large_image","twitter_misc":{"Dur\u00e9e de lecture estim\u00e9e":"1 minute"},"schema":{"@context":"https:\/\/schema.org","@graph":[{"@type":"WebPage","@id":"https:\/\/www.akwascreation.com\/index.php\/portfolio_goodies\/","url":"https:\/\/www.akwascreation.com\/index.php\/portfolio_goodies\/","name":"Goodies - Akwas Creation","isPartOf":{"@id":"https:\/\/www.akwascreation.com\/#website"},"datePublished":"2020-05-01T12:26:43+00:00","dateModified":"2020-05-05T17:17:35+00:00","breadcrumb":{"@id":"https:\/\/www.akwascreation.com\/index.php\/portfolio_goodies\/#breadcrumb"},"inLanguage":"fr-FR","potentialAction":[{"@type":"ReadAction","target":["https:\/\/www.akwascreation.com\/index.php\/portfolio_goodies\/"]}]},{"@type":"BreadcrumbList","@id":"https:\/\/www.akwascreation.com\/index.php\/portfolio_goodies\/#breadcrumb","itemListElement":[{"@type":"ListItem","position":1,"name":"Accueil","item":"https:\/\/www.akwascreation.com\/"},{"@type":"ListItem","position":2,"name":"Goodies"}]},{"@type":"WebSite","@id":"https:\/\/www.akwascreation.com\/#website","url":"https:\/\/www.akwascreation.com\/","name":"Akwas Creation","description":"Agence de communication \u00e0 Rabat Maroc","potentialAction":[{"@type":"SearchAction","target":{"@type":"EntryPoint","urlTemplate":"https:\/\/www.akwascreation.com\/?s={search_term_string}"},"query-input":{"@type":"PropertyValueSpecification","valueRequired":true,"valueName":"search_term_string"}}],"inLanguage":"fr-FR"}]}},"_links":{"self":[{"href":"https:\/\/www.akwascreation.com\/index.php\/wp-json\/wp\/v2\/pages\/5364"}],"collection":[{"href":"https:\/\/www.akwascreation.com\/index.php\/wp-json\/wp\/v2\/pages"}],"about":[{"href":"https:\/\/www.akwascreation.com\/index.php\/wp-json\/wp\/v2\/types\/page"}],"author":[{"embeddable":true,"href":"https:\/\/www.akwascreation.com\/index.php\/wp-json\/wp\/v2\/users\/1"}],"replies":[{"embeddable":true,"href":"https:\/\/www.akwascreation.com\/index.php\/wp-json\/wp\/v2\/comments?post=5364"}],"version-history":[{"count":12,"href":"https:\/\/www.akwascreation.com\/index.php\/wp-json\/wp\/v2\/pages\/5364\/revisions"}],"predecessor-version":[{"id":5958,"href":"https:\/\/www.akwascreation.com\/index.php\/wp-json\/wp\/v2\/pages\/5364\/revisions\/5958"}],"wp:attachment":[{"href":"https:\/\/www.akwascreation.com\/index.php\/wp-json\/wp\/v2\/media?parent=5364"}],"curies":[{"name":"wp","href":"https:\/\/api.w.org\/{rel}","templated":true}]}}